{"id":55,"date":"2019-02-21T15:17:49","date_gmt":"2019-02-21T14:17:49","guid":{"rendered":"https:\/\/www.dreams-software.com\/fr\/?page_id=55"},"modified":"2019-06-11T12:53:02","modified_gmt":"2019-06-11T10:53:02","slug":"mentions-legales","status":"publish","type":"page","link":"https:\/\/www.dreams-software.com\/de\/mentions-legales\/","title":{"rendered":"Rechtliche Hinweise"},"content":{"rendered":"<p><strong>1. Rechtliche Informationen<\/strong><\/p>\n<p>&#8211; Diese Website wird von Dreams-Software ver\u00f6ffentlicht.<\/p>\n<p>&#8211; Der Leiter der Ver\u00f6ffentlichung der Website ist Herr S\u00e9bastien MARTIN in seiner Eigenschaft als Webmaster.<\/p>\n<p>&#8211; Das Hosting der Website wird von OVH zur Verf\u00fcgung gestellt.<\/p>\n<p>&#8211; Sie k\u00f6nnen uns melden unangemessene oder illegale Inhalte an folgende Adresse: webmaster@dreams-software.com<\/p>\n<p>&nbsp;<\/p>\n<p><strong>2. Computing und Freiheiten<\/strong><\/p>\n<p>&#8211; In Anwendung des Gesetzes Nr. 78-17 vom 6. Januar 1978, das in Bezug auf die Datenverarbeitung, die Dateien und die Freiheiten ge\u00e4ndert wurde, war die Website Gegenstand einer Erkl\u00e4rung in der N\u00e4he der Nationalen Kommission von Informationstechnologie und Freiheiten (www.cnil.fr) unter der Nummer 2115268.<\/p>\n<p>&#8211; Der Nutzer wird insbesondere gem\u00e4\u00df Artikel 32 des Datenschutzgesetzes vom 6. Januar 1978 in der ge\u00e4nderten Fassung dar\u00fcber informiert, dass Dreams-Software dies verlangt Implementierung einer Verarbeitung personenbezogener Daten, deren Hauptzweck in der Verwaltung der Registrierung des Benutzers auf der Community<\/p>\n<p>&#8211; Site und in der Versendung von Newslettern besteht. Die gesammelten Daten werden nicht an Dritte \u00fcbermittelt und bleiben intern Dreams-Software.<\/p>\n<p>&nbsp;<\/p>\n<p><strong>3. Kekse<\/strong><\/p>\n<p>&#8211; Wenn jemand die Website www.dreams-software.com besucht, installiert unser Server Cookies oder Cookies auf der Festplatte des Computers des Benutzers. &#8211; Cookies sind Daten, die von einem Webserver f\u00fcr verwendet werden Statusinformationen an den Browser eines Benutzers senden und f\u00fcr diesen Browser Statusinformationen an den Ursprungs-Webserver zur\u00fcckgeben.<\/p>\n<p>&#8211; Die Statusinformationen k\u00f6nnen beispielsweise eine Sitzungskennung, eine Sprache, ein Ablaufdatum, eine Antwortdom\u00e4ne usw. sein.<\/p>\n<p>&#8211; Diese Statusinformationen k\u00f6nnen vom Browser auf verschiedene Arten gespeichert werden (eine separate Textdatei pro Cookie, eine einzelne Datei, die alle Cookies enth\u00e4lt, die Verschl\u00fcsselung dieser eindeutigen Datei usw.) oder nicht im Browser gespeichert werden alles: es h\u00e4ngt von der Art des Browsers, seiner Version, seiner Konfiguration usw. ab<\/p>\n<p>&#8211; Einige dieser Cookies haben den ausschlie\u00dflichen Zweck, die elektronische Kommunikation zu erm\u00f6glichen oder zu erm\u00f6glichen. F\u00fcr die Bereitstellung eines Online-Kommunikationsdienstes sind andere unbedingt erforderlich.<\/p>\n<p>&#8211; Die Einstellung der Browsersoftware erm\u00f6glicht es in jedem Fall, \u00fcber das Vorhandensein von Cookies zu informieren und m\u00f6glicherweise abzulehnen.<\/p>\n<p>&#8211; Die meisten Browser sind standardm\u00e4\u00dfig eingerichtet und akzeptieren die Installation von Cookies. Sie haben jedoch die M\u00f6glichkeit, die Verwendung von Cookies zu deaktivieren, indem Sie die entsprechenden Einstellungen Ihres Browsers ausw\u00e4hlen. Abh\u00e4ngig von den verwendeten Browsern kann die Vorgehensweise anders sein. Im Allgemeinen finden Sie diesen Parameter in den Registerkarten &#8220;Extras&#8221;, &#8220;Parameter&#8221;.<\/p>\n<p>&#8211; Es ist nicht m\u00f6glich, detaillierte und aktuelle Informationen zu diesen Einstellungselementen bereitzustellen, die der ausschlie\u00dflichen Kontrolle und Autorit\u00e4t der Herausgeber der Browsersoftware unterliegen.<\/p>\n<p>&#8211; Zur Information k\u00f6nnen Benutzer zus\u00e4tzliche Informationen haben:<br \/>\n&#8211; von den Herausgebern ihrer Browsersoftware auf ihrer Website<br \/>\n&#8211; allgemeiner auf der Cnil-Website unter www.cnil.fr mit dem Stichwort &#8220;Cookies&#8221; in Suchmaschinen.<\/p>\n<p>&#8211; Mit dem Internet Explorer m\u00fcssen Sie durch &#8220;Tools&#8221; gehen, auf Internetoptionen klicken, dann auf die Registerkarte &#8220;Datenschutz&#8221; klicken und &#8220;Erweiterte Einstellungen&#8221; ausw\u00e4hlen. Um Cookies zu verbieten, m\u00fcssen Sie die automatische Verwaltung von Cookies mit &#8220;Ignorieren&#8221; markieren und dann &#8220;Ablehnen&#8221; ausw\u00e4hlen. Wenn Sie von Fall zu Fall die Annahme oder Ablehnung von Cookies zulassen m\u00f6chten, w\u00e4hlen Sie die Option &#8220;Fragen&#8221;.<\/p>\n<p>&#8211; Wir machen Sie darauf aufmerksam, dass einige Funktionen, Seiten und Bereiche der Website nicht zug\u00e4nglich sind, wenn Sie Ihren Browser so einstellen, dass er alle Cookies und anderen erforderlichen Cookies ablehnt.<\/p>\n<p>&nbsp;<\/p>\n<p><strong>4. Hyperlinks<\/strong><\/p>\n<p>&#8211; Die im Rahmen der Website eingerichteten Hypertext-Links zu anderen Quellen im Internet und insbesondere zu ihren Partnern waren zuvor schriftlich und ausdr\u00fccklich autorisiert.<\/p>\n<p>&#8211; Ever Technology haftet nicht f\u00fcr den Zugriff der Benutzer durch die im Rahmen der Website eingerichteten Hypertext-Links auf andere im Netzwerk vorhandene Ressourcen.<\/p>\n<p>&#8211; Ever Technologie \u00fcbernimmt keine Verantwortung f\u00fcr den Inhalt der Informationen, die auf diesen im Netzwerk vorhandenen Ressourcen f\u00fcr die Aktivierung von Hypertext-Links bereitgestellt werden.<\/p>\n<p>&#8211; Der Benutzer kann ohne die ausdr\u00fcckliche vorherige Genehmigung unseres Unternehmens keinen Hypertext-Link zu dieser Website einrichten.<\/p>\n<p>&#8211; In jedem Fall kann diese Erm\u00e4chtigung nicht als implizite Zugeh\u00f6rigkeitsvereinbarung angesehen werden.<\/p>\n<p>&#8211; In jedem Fall m\u00fcssen die Hypertext-Links zur Website von Ever Technology zun\u00e4chst entfernt werden.<\/p>\n<p>&nbsp;<\/p>\n<p><strong>5. Schutz der Inhalte<\/strong><\/p>\n<p>&#8211; Alle auf der Website www.dreams-software.com vorhandenen oder zur Verf\u00fcgung gestellten Inhalte, wie Texte, Zeichnungen, Grafiken, Bilder, Musik, Fotos, Marken und Logos, Downloads digital usw .; ist Eigentum von Ever Technology, seinen verbundenen Unternehmen oder Dritten.<\/p>\n<p>&#8211; Dieser Inhalt ist durch geistige Eigentumsrechte gesch\u00fctzt. Wir weisen Sie darauf hin, dass die Verletzung von Rechten des geistigen Eigentums eine F\u00e4lschung darstellt und strafbar ist.<\/p>\n<p>&#8211; Ever Technology gew\u00e4hrt keine Rechte an den Inhalten und erm\u00e4chtigt ihre Besucher, Inhalte der Website auf Papier zu kopieren und auszudrucken, nur um ihre Eink\u00e4ufe vorzubereiten.<\/p>\n<p>&#8211; Es ist streng verboten, dass alle nat\u00fcrlichen oder juristischen Personen den gesamten Inhalt oder einen Teil des Inhalts f\u00fcr einen anderen Zweck als die Vorbereitung von K\u00e4ufen auf der Website extrahieren, kopieren, reproduzieren, modifizieren, erneut \u00fcbertragen und \/ oder wiederverwenden d\u00fcrfen www.dreams-software.com, ohne die ausdr\u00fcckliche schriftliche Genehmigung des Rechteinhabers.<\/p>\n<p>&nbsp;<\/p>\n<p><strong>6. Anwendbares Recht<\/strong><\/p>\n<p>&#8211; Das franz\u00f6sische Recht gilt sowohl f\u00fcr die Form- als auch f\u00fcr die Inhaltlichkeit.<\/p>\n","protected":false},"excerpt":{"rendered":"<p>1. Rechtliche Informationen &#8211; Diese Website wird von Dreams-Software ver\u00f6ffentlicht. &#8211; Der Leiter der Ver\u00f6ffentlichung der Website ist Herr S\u00e9bastien MARTIN in seiner Eigenschaft als Webmaster. &#8211; Das Hosting der Website wird von OVH zur Verf\u00fcgung gestellt. &#8211; Sie k\u00f6nnen uns melden unangemessene oder illegale Inhalte an folgende Adresse: webmaster@dreams-software.com &nbsp; 2. Computing und Freiheiten&hellip;&nbsp;<a href=\"https:\/\/www.dreams-software.com\/de\/mentions-legales\/\" rel=\"bookmark\">Read More &raquo;<span class=\"screen-reader-text\">Rechtliche Hinweise<\/span><\/a><\/p>\n","protected":false},"author":1,"featured_media":0,"parent":0,"menu_order":0,"comment_status":"closed","ping_status":"closed","template":"","meta":{"neve_meta_sidebar":"","neve_meta_container":"","neve_meta_enable_content_width":"","neve_meta_content_width":0,"neve_meta_title_alignment":"","neve_meta_author_avatar":"","neve_post_elements_order":"","neve_meta_disable_header":"","neve_meta_disable_footer":"","neve_meta_disable_title":"","neve_meta_reading_time":"","footnotes":""},"class_list":["post-55","page","type-page","status-publish","hentry"],"yoast_head":"<!-- This site is optimized with the Yoast SEO plugin v27.2 - https:\/\/yoast.com\/product\/yoast-seo-wordpress\/ -->\n<title>Rechtliche Hinweise<\/title>\n<meta name=\"robots\" content=\"index, follow, max-snippet:-1, max-image-preview:large, max-video-preview:-1\" \/>\n<link rel=\"canonical\" href=\"https:\/\/www.dreams-software.com\/de\/mentions-legales\/\" \/>\n<meta property=\"og:locale\" content=\"de_DE\" \/>\n<meta property=\"og:locale:alternate\" content=\"fr_FR\" \/>\n<meta property=\"og:locale:alternate\" content=\"en_US\" \/>\n<meta property=\"og:locale:alternate\" content=\"es_ES\" \/>\n<meta property=\"og:type\" content=\"article\" \/>\n<meta property=\"og:title\" content=\"Rechtliche Hinweise\" \/>\n<meta property=\"og:description\" content=\"1. Rechtliche Informationen &#8211; Diese Website wird von Dreams-Software ver\u00f6ffentlicht. &#8211; Der Leiter der Ver\u00f6ffentlichung der Website ist Herr S\u00e9bastien MARTIN in seiner Eigenschaft als Webmaster. &#8211; Das Hosting der Website wird von OVH zur Verf\u00fcgung gestellt. &#8211; Sie k\u00f6nnen uns melden unangemessene oder illegale Inhalte an folgende Adresse: webmaster@dreams-software.com &nbsp; 2. Computing und Freiheiten&hellip;&nbsp;Read More &raquo;Rechtliche Hinweise\" \/>\n<meta property=\"og:url\" content=\"https:\/\/www.dreams-software.com\/de\/mentions-legales\/\" \/>\n<meta property=\"og:site_name\" content=\"Dreams Software\" \/>\n<meta property=\"article:modified_time\" content=\"2019-06-11T10:53:02+00:00\" \/>\n<meta name=\"twitter:card\" content=\"summary_large_image\" \/>\n<meta name=\"twitter:label1\" content=\"Est. reading time\" \/>\n\t<meta name=\"twitter:data1\" content=\"19 minutes\" \/>\n<script type=\"application\/ld+json\" class=\"yoast-schema-graph\">{\"@context\":\"https:\/\/schema.org\",\"@graph\":[{\"@type\":\"WebPage\",\"@id\":\"https:\/\/www.dreams-software.com\/mentions-legales\/\",\"url\":\"https:\/\/www.dreams-software.com\/mentions-legales\/\",\"name\":\"Rechtliche Hinweise\",\"isPartOf\":{\"@id\":\"https:\/\/www.dreams-software.com\/#website\"},\"datePublished\":\"2019-02-21T14:17:49+00:00\",\"dateModified\":\"2019-06-11T10:53:02+00:00\",\"breadcrumb\":{\"@id\":\"https:\/\/www.dreams-software.com\/mentions-legales\/#breadcrumb\"},\"inLanguage\":\"de-DE\",\"potentialAction\":[{\"@type\":\"ReadAction\",\"target\":[\"https:\/\/www.dreams-software.com\/mentions-legales\/\"]}]},{\"@type\":\"BreadcrumbList\",\"@id\":\"https:\/\/www.dreams-software.com\/mentions-legales\/#breadcrumb\",\"itemListElement\":[{\"@type\":\"ListItem\",\"position\":1,\"name\":\"Accueil\",\"item\":\"https:\/\/www.dreams-software.com\/\"},{\"@type\":\"ListItem\",\"position\":2,\"name\":\"Mentions l\u00e9gales\"}]},{\"@type\":\"WebSite\",\"@id\":\"https:\/\/www.dreams-software.com\/#website\",\"url\":\"https:\/\/www.dreams-software.com\/\",\"name\":\"Dreams Software\",\"description\":\"Logiciels pour club de sport\",\"publisher\":{\"@id\":\"https:\/\/www.dreams-software.com\/#organization\"},\"potentialAction\":[{\"@type\":\"SearchAction\",\"target\":{\"@type\":\"EntryPoint\",\"urlTemplate\":\"https:\/\/www.dreams-software.com\/?s={search_term_string}\"},\"query-input\":{\"@type\":\"PropertyValueSpecification\",\"valueRequired\":true,\"valueName\":\"search_term_string\"}}],\"inLanguage\":\"de-DE\"},{\"@type\":\"Organization\",\"@id\":\"https:\/\/www.dreams-software.com\/#organization\",\"name\":\"Dreams Software\",\"url\":\"https:\/\/www.dreams-software.com\/\",\"logo\":{\"@type\":\"ImageObject\",\"inLanguage\":\"de-DE\",\"@id\":\"https:\/\/www.dreams-software.com\/#\/schema\/logo\/image\/\",\"url\":\"https:\/\/www.dreams-software.com\/wp-content\/uploads\/2019\/02\/dreams-software-logo-1502114604.png\",\"contentUrl\":\"https:\/\/www.dreams-software.com\/wp-content\/uploads\/2019\/02\/dreams-software-logo-1502114604.png\",\"width\":167,\"height\":97,\"caption\":\"Dreams Software\"},\"image\":{\"@id\":\"https:\/\/www.dreams-software.com\/#\/schema\/logo\/image\/\"}}]}<\/script>\n<!-- \/ Yoast SEO plugin. -->","yoast_head_json":{"title":"Rechtliche Hinweise","robots":{"index":"index","follow":"follow","max-snippet":"max-snippet:-1","max-image-preview":"max-image-preview:large","max-video-preview":"max-video-preview:-1"},"canonical":"https:\/\/www.dreams-software.com\/de\/mentions-legales\/","og_locale":"de_DE","og_type":"article","og_title":"[:fr]Mentions l\u00e9gales[:en]Legal information[:es]Informaci\u00f3n legal[:de]Rechtliche Hinweise[:] - Dreams Software","og_description":"1. Rechtliche Informationen &#8211; Diese Website wird von Dreams-Software ver\u00f6ffentlicht. &#8211; Der Leiter der Ver\u00f6ffentlichung der Website ist Herr S\u00e9bastien MARTIN in seiner Eigenschaft als Webmaster. &#8211; Das Hosting der Website wird von OVH zur Verf\u00fcgung gestellt. &#8211; Sie k\u00f6nnen uns melden unangemessene oder illegale Inhalte an folgende Adresse: webmaster@dreams-software.com &nbsp; 2. Computing und Freiheiten&hellip;&nbsp;Read More &raquo;Rechtliche Hinweise","og_url":"https:\/\/www.dreams-software.com\/de\/mentions-legales\/","og_site_name":"Dreams Software","article_modified_time":"2019-06-11T10:53:02+00:00","twitter_card":"summary_large_image","twitter_misc":{"Est. reading time":"19 minutes"},"schema":{"@context":"https:\/\/schema.org","@graph":[{"@type":"WebPage","@id":"https:\/\/www.dreams-software.com\/mentions-legales\/","url":"https:\/\/www.dreams-software.com\/mentions-legales\/","name":"Rechtliche Hinweise","isPartOf":{"@id":"https:\/\/www.dreams-software.com\/#website"},"datePublished":"2019-02-21T14:17:49+00:00","dateModified":"2019-06-11T10:53:02+00:00","breadcrumb":{"@id":"https:\/\/www.dreams-software.com\/mentions-legales\/#breadcrumb"},"inLanguage":"de-DE","potentialAction":[{"@type":"ReadAction","target":["https:\/\/www.dreams-software.com\/mentions-legales\/"]}]},{"@type":"BreadcrumbList","@id":"https:\/\/www.dreams-software.com\/mentions-legales\/#breadcrumb","itemListElement":[{"@type":"ListItem","position":1,"name":"Accueil","item":"https:\/\/www.dreams-software.com\/"},{"@type":"ListItem","position":2,"name":"Mentions l\u00e9gales"}]},{"@type":"WebSite","@id":"https:\/\/www.dreams-software.com\/#website","url":"https:\/\/www.dreams-software.com\/","name":"Dreams Software","description":"Logiciels pour club de sport","publisher":{"@id":"https:\/\/www.dreams-software.com\/#organization"},"potentialAction":[{"@type":"SearchAction","target":{"@type":"EntryPoint","urlTemplate":"https:\/\/www.dreams-software.com\/?s={search_term_string}"},"query-input":{"@type":"PropertyValueSpecification","valueRequired":true,"valueName":"search_term_string"}}],"inLanguage":"de-DE"},{"@type":"Organization","@id":"https:\/\/www.dreams-software.com\/#organization","name":"Dreams Software","url":"https:\/\/www.dreams-software.com\/","logo":{"@type":"ImageObject","inLanguage":"de-DE","@id":"https:\/\/www.dreams-software.com\/#\/schema\/logo\/image\/","url":"https:\/\/www.dreams-software.com\/wp-content\/uploads\/2019\/02\/dreams-software-logo-1502114604.png","contentUrl":"https:\/\/www.dreams-software.com\/wp-content\/uploads\/2019\/02\/dreams-software-logo-1502114604.png","width":167,"height":97,"caption":"Dreams Software"},"image":{"@id":"https:\/\/www.dreams-software.com\/#\/schema\/logo\/image\/"}}]}},"jetpack_sharing_enabled":true,"_links":{"self":[{"href":"https:\/\/www.dreams-software.com\/de\/wp-json\/wp\/v2\/pages\/55","targetHints":{"allow":["GET"]}}],"collection":[{"href":"https:\/\/www.dreams-software.com\/de\/wp-json\/wp\/v2\/pages"}],"about":[{"href":"https:\/\/www.dreams-software.com\/de\/wp-json\/wp\/v2\/types\/page"}],"author":[{"embeddable":true,"href":"https:\/\/www.dreams-software.com\/de\/wp-json\/wp\/v2\/users\/1"}],"replies":[{"embeddable":true,"href":"https:\/\/www.dreams-software.com\/de\/wp-json\/wp\/v2\/comments?post=55"}],"version-history":[{"count":17,"href":"https:\/\/www.dreams-software.com\/de\/wp-json\/wp\/v2\/pages\/55\/revisions"}],"predecessor-version":[{"id":490,"href":"https:\/\/www.dreams-software.com\/de\/wp-json\/wp\/v2\/pages\/55\/revisions\/490"}],"wp:attachment":[{"href":"https:\/\/www.dreams-software.com\/de\/wp-json\/wp\/v2\/media?parent=55"}],"curies":[{"name":"wp","href":"https:\/\/api.w.org\/{rel}","templated":true}]}}