{"id":57,"date":"2019-02-21T15:18:39","date_gmt":"2019-02-21T14:18:39","guid":{"rendered":"https:\/\/www.dreams-software.com\/fr\/?page_id=57"},"modified":"2019-02-22T13:43:04","modified_gmt":"2019-02-22T12:43:04","slug":"conditions-generales-de-vente","status":"publish","type":"page","link":"https:\/\/www.dreams-software.com\/de\/conditions-generales-de-vente\/","title":{"rendered":"Allgemeine Verkaufsbedingungen"},"content":{"rendered":"<p><strong>1 &#8211; Bestellung<\/strong><br \/>\nDie Bestellung des Kunden gilt als schriftlich oder nach Abschluss der Transaktion von uns angenommen.<\/p>\n<p><strong>2 &#8211; Preis &#8211; Lizenz<\/strong><br \/>\nUnsere Preise sind unverbindlich angegeben und verstehen sich zuz\u00fcglich der gesetzlichen Mehrwertsteuer zuz\u00fcglich der am Tag der Bestellung g\u00fcltigen Mehrwertsteuer.<br \/>\nUnsere Preise k\u00f6nnen ohne vorherige Ank\u00fcndigung ge\u00e4ndert werden.<br \/>\nDie Preise entsprechen einer Jahreslizenz und sind 1 Jahr ab Kaufdatum g\u00fcltig.<br \/>\nNach Ablauf der Lizenz ohne Verl\u00e4ngerung bleiben die erhobenen Daten im Exportformat standardisierter CSV verf\u00fcgbar.<\/p>\n<p><strong>3 &#8211; Bezahlung<\/strong><br \/>\nSofern sich aus unseren Rechnungen nichts anderes ergibt, ist die Zahlung in bar f\u00e4llig.<\/p>\n<p><strong>4 &#8211; Eigentumsvorbehalt<\/strong><br \/>\nGem\u00e4\u00df dem Gesetz 80.335 vom 12.05.1980 bleibt die gekaufte Software Eigentum des Verk\u00e4ufers bis zur vollst\u00e4ndigen Bezahlung ihrer Preise durch den Kunden, ungeachtet der Annahme einer kommerziellen Wirkung.<\/p>\n<p><strong>5 &#8211; Gerichtsstand<\/strong><br \/>\nDurch ausdr\u00fcckliche Vereinbarung zwischen den Parteien und ungeachtet etwaiger entgegenstehender Klauseln auf den Handelspapieren oder Dokumenten des K\u00e4ufers sind die Gerichte von NANTERRE im Falle von Streitigkeiten oder Streitigkeiten ausschlie\u00dflicher Gerichtsstand.<\/p>\n<p><strong>6 &#8211; Sonstiges<\/strong><br \/>\nDie Abbildungen in unseren Katalogen, Prospekten, Hinweisen sowie den angegebenen technischen Merkmalen sind nur Richtwerte und k\u00f6nnen jederzeit ge\u00e4ndert werden, ohne dass dies eine Stornierung der Bestellung rechtfertigen oder zu einer Verg\u00fctung oder einer Vertragsstrafe f\u00fchren kann.<\/p>\n","protected":false},"excerpt":{"rendered":"<p>1 &#8211; Bestellung Die Bestellung des Kunden gilt als schriftlich oder nach Abschluss der Transaktion von uns angenommen. 2 &#8211; Preis &#8211; Lizenz Unsere Preise sind unverbindlich angegeben und verstehen sich zuz\u00fcglich der gesetzlichen Mehrwertsteuer zuz\u00fcglich der am Tag der Bestellung g\u00fcltigen Mehrwertsteuer. Unsere Preise k\u00f6nnen ohne vorherige Ank\u00fcndigung ge\u00e4ndert werden. Die Preise entsprechen einer&hellip;&nbsp;<a href=\"https:\/\/www.dreams-software.com\/de\/conditions-generales-de-vente\/\" rel=\"bookmark\">Read More &raquo;<span class=\"screen-reader-text\">Allgemeine Verkaufsbedingungen<\/span><\/a><\/p>\n","protected":false},"author":1,"featured_media":0,"parent":0,"menu_order":0,"comment_status":"closed","ping_status":"closed","template":"","meta":{"neve_meta_sidebar":"","neve_meta_container":"","neve_meta_enable_content_width":"","neve_meta_content_width":0,"neve_meta_title_alignment":"","neve_meta_author_avatar":"","neve_post_elements_order":"","neve_meta_disable_header":"","neve_meta_disable_footer":"","neve_meta_disable_title":"","neve_meta_reading_time":"","footnotes":""},"class_list":["post-57","page","type-page","status-publish","hentry"],"yoast_head":"<!-- This site is optimized with the Yoast SEO plugin v27.2 - https:\/\/yoast.com\/product\/yoast-seo-wordpress\/ -->\n<title>Allgemeine Verkaufsbedingungen<\/title>\n<meta name=\"robots\" content=\"index, follow, max-snippet:-1, max-image-preview:large, max-video-preview:-1\" \/>\n<link rel=\"canonical\" href=\"https:\/\/www.dreams-software.com\/de\/conditions-generales-de-vente\/\" \/>\n<meta property=\"og:locale\" content=\"de_DE\" \/>\n<meta property=\"og:locale:alternate\" content=\"fr_FR\" \/>\n<meta property=\"og:locale:alternate\" content=\"en_US\" \/>\n<meta property=\"og:locale:alternate\" content=\"es_ES\" \/>\n<meta property=\"og:type\" content=\"article\" \/>\n<meta property=\"og:title\" content=\"Allgemeine Verkaufsbedingungen\" \/>\n<meta property=\"og:description\" content=\"1 &#8211; Bestellung Die Bestellung des Kunden gilt als schriftlich oder nach Abschluss der Transaktion von uns angenommen. 2 &#8211; Preis &#8211; Lizenz Unsere Preise sind unverbindlich angegeben und verstehen sich zuz\u00fcglich der gesetzlichen Mehrwertsteuer zuz\u00fcglich der am Tag der Bestellung g\u00fcltigen Mehrwertsteuer. Unsere Preise k\u00f6nnen ohne vorherige Ank\u00fcndigung ge\u00e4ndert werden. Die Preise entsprechen einer&hellip;&nbsp;Read More &raquo;Allgemeine Verkaufsbedingungen\" \/>\n<meta property=\"og:url\" content=\"https:\/\/www.dreams-software.com\/de\/conditions-generales-de-vente\/\" \/>\n<meta property=\"og:site_name\" content=\"Dreams Software\" \/>\n<meta property=\"article:modified_time\" content=\"2019-02-22T12:43:04+00:00\" \/>\n<meta name=\"twitter:card\" content=\"summary_large_image\" \/>\n<meta name=\"twitter:label1\" content=\"Est. reading time\" \/>\n\t<meta name=\"twitter:data1\" content=\"5 minutes\" \/>\n<script type=\"application\/ld+json\" class=\"yoast-schema-graph\">{\"@context\":\"https:\/\/schema.org\",\"@graph\":[{\"@type\":\"WebPage\",\"@id\":\"https:\/\/www.dreams-software.com\/conditions-generales-de-vente\/\",\"url\":\"https:\/\/www.dreams-software.com\/conditions-generales-de-vente\/\",\"name\":\"Allgemeine Verkaufsbedingungen\",\"isPartOf\":{\"@id\":\"https:\/\/www.dreams-software.com\/#website\"},\"datePublished\":\"2019-02-21T14:18:39+00:00\",\"dateModified\":\"2019-02-22T12:43:04+00:00\",\"breadcrumb\":{\"@id\":\"https:\/\/www.dreams-software.com\/conditions-generales-de-vente\/#breadcrumb\"},\"inLanguage\":\"de-DE\",\"potentialAction\":[{\"@type\":\"ReadAction\",\"target\":[\"https:\/\/www.dreams-software.com\/conditions-generales-de-vente\/\"]}]},{\"@type\":\"BreadcrumbList\",\"@id\":\"https:\/\/www.dreams-software.com\/conditions-generales-de-vente\/#breadcrumb\",\"itemListElement\":[{\"@type\":\"ListItem\",\"position\":1,\"name\":\"Accueil\",\"item\":\"https:\/\/www.dreams-software.com\/\"},{\"@type\":\"ListItem\",\"position\":2,\"name\":\"Conditions G\u00e9n\u00e9rales de Vente\"}]},{\"@type\":\"WebSite\",\"@id\":\"https:\/\/www.dreams-software.com\/#website\",\"url\":\"https:\/\/www.dreams-software.com\/\",\"name\":\"Dreams Software\",\"description\":\"Logiciels pour club de sport\",\"publisher\":{\"@id\":\"https:\/\/www.dreams-software.com\/#organization\"},\"potentialAction\":[{\"@type\":\"SearchAction\",\"target\":{\"@type\":\"EntryPoint\",\"urlTemplate\":\"https:\/\/www.dreams-software.com\/?s={search_term_string}\"},\"query-input\":{\"@type\":\"PropertyValueSpecification\",\"valueRequired\":true,\"valueName\":\"search_term_string\"}}],\"inLanguage\":\"de-DE\"},{\"@type\":\"Organization\",\"@id\":\"https:\/\/www.dreams-software.com\/#organization\",\"name\":\"Dreams Software\",\"url\":\"https:\/\/www.dreams-software.com\/\",\"logo\":{\"@type\":\"ImageObject\",\"inLanguage\":\"de-DE\",\"@id\":\"https:\/\/www.dreams-software.com\/#\/schema\/logo\/image\/\",\"url\":\"https:\/\/www.dreams-software.com\/wp-content\/uploads\/2019\/02\/dreams-software-logo-1502114604.png\",\"contentUrl\":\"https:\/\/www.dreams-software.com\/wp-content\/uploads\/2019\/02\/dreams-software-logo-1502114604.png\",\"width\":167,\"height\":97,\"caption\":\"Dreams Software\"},\"image\":{\"@id\":\"https:\/\/www.dreams-software.com\/#\/schema\/logo\/image\/\"}}]}<\/script>\n<!-- \/ Yoast SEO plugin. -->","yoast_head_json":{"title":"Allgemeine Verkaufsbedingungen","robots":{"index":"index","follow":"follow","max-snippet":"max-snippet:-1","max-image-preview":"max-image-preview:large","max-video-preview":"max-video-preview:-1"},"canonical":"https:\/\/www.dreams-software.com\/de\/conditions-generales-de-vente\/","og_locale":"de_DE","og_type":"article","og_title":"[:fr]Conditions G\u00e9n\u00e9rales de Vente[:en]Terms and Conditions[:es]Condiciones Generales de Venta[:de]Allgemeine Verkaufsbedingungen[:] - Dreams Software","og_description":"1 &#8211; Bestellung Die Bestellung des Kunden gilt als schriftlich oder nach Abschluss der Transaktion von uns angenommen. 2 &#8211; Preis &#8211; Lizenz Unsere Preise sind unverbindlich angegeben und verstehen sich zuz\u00fcglich der gesetzlichen Mehrwertsteuer zuz\u00fcglich der am Tag der Bestellung g\u00fcltigen Mehrwertsteuer. Unsere Preise k\u00f6nnen ohne vorherige Ank\u00fcndigung ge\u00e4ndert werden. Die Preise entsprechen einer&hellip;&nbsp;Read More &raquo;Allgemeine Verkaufsbedingungen","og_url":"https:\/\/www.dreams-software.com\/de\/conditions-generales-de-vente\/","og_site_name":"Dreams Software","article_modified_time":"2019-02-22T12:43:04+00:00","twitter_card":"summary_large_image","twitter_misc":{"Est. reading time":"5 minutes"},"schema":{"@context":"https:\/\/schema.org","@graph":[{"@type":"WebPage","@id":"https:\/\/www.dreams-software.com\/conditions-generales-de-vente\/","url":"https:\/\/www.dreams-software.com\/conditions-generales-de-vente\/","name":"Allgemeine Verkaufsbedingungen","isPartOf":{"@id":"https:\/\/www.dreams-software.com\/#website"},"datePublished":"2019-02-21T14:18:39+00:00","dateModified":"2019-02-22T12:43:04+00:00","breadcrumb":{"@id":"https:\/\/www.dreams-software.com\/conditions-generales-de-vente\/#breadcrumb"},"inLanguage":"de-DE","potentialAction":[{"@type":"ReadAction","target":["https:\/\/www.dreams-software.com\/conditions-generales-de-vente\/"]}]},{"@type":"BreadcrumbList","@id":"https:\/\/www.dreams-software.com\/conditions-generales-de-vente\/#breadcrumb","itemListElement":[{"@type":"ListItem","position":1,"name":"Accueil","item":"https:\/\/www.dreams-software.com\/"},{"@type":"ListItem","position":2,"name":"Conditions G\u00e9n\u00e9rales de Vente"}]},{"@type":"WebSite","@id":"https:\/\/www.dreams-software.com\/#website","url":"https:\/\/www.dreams-software.com\/","name":"Dreams Software","description":"Logiciels pour club de sport","publisher":{"@id":"https:\/\/www.dreams-software.com\/#organization"},"potentialAction":[{"@type":"SearchAction","target":{"@type":"EntryPoint","urlTemplate":"https:\/\/www.dreams-software.com\/?s={search_term_string}"},"query-input":{"@type":"PropertyValueSpecification","valueRequired":true,"valueName":"search_term_string"}}],"inLanguage":"de-DE"},{"@type":"Organization","@id":"https:\/\/www.dreams-software.com\/#organization","name":"Dreams Software","url":"https:\/\/www.dreams-software.com\/","logo":{"@type":"ImageObject","inLanguage":"de-DE","@id":"https:\/\/www.dreams-software.com\/#\/schema\/logo\/image\/","url":"https:\/\/www.dreams-software.com\/wp-content\/uploads\/2019\/02\/dreams-software-logo-1502114604.png","contentUrl":"https:\/\/www.dreams-software.com\/wp-content\/uploads\/2019\/02\/dreams-software-logo-1502114604.png","width":167,"height":97,"caption":"Dreams Software"},"image":{"@id":"https:\/\/www.dreams-software.com\/#\/schema\/logo\/image\/"}}]}},"jetpack_sharing_enabled":true,"_links":{"self":[{"href":"https:\/\/www.dreams-software.com\/de\/wp-json\/wp\/v2\/pages\/57","targetHints":{"allow":["GET"]}}],"collection":[{"href":"https:\/\/www.dreams-software.com\/de\/wp-json\/wp\/v2\/pages"}],"about":[{"href":"https:\/\/www.dreams-software.com\/de\/wp-json\/wp\/v2\/types\/page"}],"author":[{"embeddable":true,"href":"https:\/\/www.dreams-software.com\/de\/wp-json\/wp\/v2\/users\/1"}],"replies":[{"embeddable":true,"href":"https:\/\/www.dreams-software.com\/de\/wp-json\/wp\/v2\/comments?post=57"}],"version-history":[{"count":15,"href":"https:\/\/www.dreams-software.com\/de\/wp-json\/wp\/v2\/pages\/57\/revisions"}],"predecessor-version":[{"id":116,"href":"https:\/\/www.dreams-software.com\/de\/wp-json\/wp\/v2\/pages\/57\/revisions\/116"}],"wp:attachment":[{"href":"https:\/\/www.dreams-software.com\/de\/wp-json\/wp\/v2\/media?parent=57"}],"curies":[{"name":"wp","href":"https:\/\/api.w.org\/{rel}","templated":true}]}}