{"id":451,"date":"2019-05-21T17:53:50","date_gmt":"2019-05-21T15:53:50","guid":{"rendered":"https:\/\/www.dreams-software.com\/fr\/?page_id=451"},"modified":"2019-06-26T11:03:48","modified_gmt":"2019-06-26T09:03:48","slug":"systeme-grade","status":"publish","type":"page","link":"https:\/\/www.dreams-software.com\/en\/sports-club-management\/systeme-grade\/","title":{"rendered":"Syst\u00e8me de grades"},"content":{"rendered":"<div id=\"pl-451\"  class=\"panel-layout\" ><div id=\"pg-451-0\"  class=\"panel-grid panel-no-style\" ><div id=\"pgc-451-0-0\"  class=\"panel-grid-cell\" ><div id=\"panel-451-0-0-0\" class=\"so-panel widget widget_sow-editor panel-first-child panel-last-child\" data-index=\"0\" ><div\n\t\t\t\n\t\t\tclass=\"so-widget-sow-editor so-widget-sow-editor-base\"\n\t\t\t\n\t\t>\n<div class=\"siteorigin-widget-tinymce textwidget\">\n\t<h1 style=\"text-align: center;\">Cr\u00e9er votre syst\u00e8me de grades<\/h1>\n<\/div>\n<\/div><\/div><\/div><\/div><div id=\"pg-451-1\"  class=\"panel-grid panel-has-style\" ><div class=\"ds-row panel-row-style panel-row-style-for-451-1\" ><div id=\"pgc-451-1-0\"  class=\"panel-grid-cell\" ><div id=\"panel-451-1-0-0\" class=\"so-panel widget widget_sow-image-grid panel-first-child panel-last-child\" data-index=\"1\" ><div\n\t\t\t\n\t\t\tclass=\"so-widget-sow-image-grid so-widget-sow-image-grid-default-3fbf13dff59f-451\"\n\t\t\t\n\t\t>\t<div\n\t\tclass=\"sow-image-grid-wrapper\"\n\t\t\t\t\t>\n\t\t\t\t\t<div class=\"sow-image-grid-image\">\n\t\t\t\t\t\t\t\t\t\t\t\t\t<a href=\"https:\/\/www.dreams-software.com\/wp-content\/uploads\/2019\/06\/Param\u00e8tres-les-grades-Sports-Club-Management.png\"\n\t\t\t\t\t>\n\t\t\t\t\t\t\t\t<img loading=\"lazy\" decoding=\"async\" width=\"272\" height=\"182\" src=\"https:\/\/www.dreams-software.com\/wp-content\/uploads\/2019\/06\/Param\u00e8tres-les-grades-Sports-Club-Management-272x182.png\" class=\"sow-image-grid-image_html\" alt=\"cr\u00e9er un grade de sport&quot;\" title=\"Cr\u00e9ation d&#039;un grade\" \/>\t\t\t\t\t\t\t\t\t<\/a>\n\t\t\t\t\t\t\t\t\t\t\t<\/div>\n\t\t\t\t\t<div class=\"sow-image-grid-image\">\n\t\t\t\t\t\t\t\t\t\t\t\t\t<a href=\"https:\/\/www.dreams-software.com\/wp-content\/uploads\/2019\/06\/Param\u00e8tres-les-grades-2-Sports-Club-Management.png\"\n\t\t\t\t\t>\n\t\t\t\t\t\t\t\t<img loading=\"lazy\" decoding=\"async\" width=\"272\" height=\"182\" src=\"https:\/\/www.dreams-software.com\/wp-content\/uploads\/2019\/06\/Param\u00e8tres-les-grades-2-Sports-Club-Management-272x182.png\" class=\"sow-image-grid-image_html\" alt=\"Choisir un niveau de grade de sport&quot;\" title=\"Choix du niveau du grade\" \/>\t\t\t\t\t\t\t\t\t<\/a>\n\t\t\t\t\t\t\t\t\t\t\t<\/div>\n\t\t\t<\/div>\n<\/div><\/div><\/div><div id=\"pgc-451-1-1\"  class=\"panel-grid-cell\" ><div id=\"panel-451-1-1-0\" class=\"so-panel widget widget_sow-editor panel-first-child panel-last-child\" data-index=\"2\" ><div\n\t\t\t\n\t\t\tclass=\"so-widget-sow-editor so-widget-sow-editor-base\"\n\t\t\t\n\t\t>\n<div class=\"siteorigin-widget-tinymce textwidget\">\n\t<h2 style=\"text-align: center; margin-top: 0;\">Cr\u00e9ez vos grades<\/h2>\n<p style=\"text-align: justify;\">Que ce soit pour les arts martiaux (judo, karat\u00e9, taekwondo, kung fu, etc.), les sports de combats (boxe, kick-boxing, MMA, Krav-Maga, etc.) ou tout autres sport (football, basket, tennis, \u00e9quitation, etc.), vous cr\u00e9ez votre syst\u00e8me de grade.<\/p>\n<p style=\"text-align: center;\">Compatible avec tous les sports existants, vous pouvez d\u00e9finir jusqu'\u00e0 50 niveaux de grade diff\u00e9rends.<\/p>\n<p style=\"text-align: center;\">Vous cr\u00e9ez ainsi votre hi\u00e9rarchie de grade dans votre discipline<\/p>\n<\/div>\n<\/div><\/div><\/div><\/div><\/div><div id=\"pg-451-2\"  class=\"panel-grid panel-has-style\" ><div class=\"ds-row panel-row-style panel-row-style-for-451-2\" ><div id=\"pgc-451-2-0\"  class=\"panel-grid-cell\" ><div id=\"panel-451-2-0-0\" class=\"so-panel widget widget_sow-editor panel-first-child panel-last-child\" data-index=\"3\" ><div\n\t\t\t\n\t\t\tclass=\"so-widget-sow-editor so-widget-sow-editor-base\"\n\t\t\t\n\t\t>\n<div class=\"siteorigin-widget-tinymce textwidget\">\n\t<h2 style=\"text-align: center; margin-top: 0;\">Personnalisez vos grades<\/h2>\n<p style=\"text-align: center;\">Attribuez des couleurs personnalis\u00e9es \u00e0 vos grades repr\u00e9sentant leurs niveaux (ceintures, etc.)<\/p>\n<p style=\"text-align: center;\">Attribuez-leur un niveau hi\u00e9rarchique ind\u00e9pendamment de leur couleur<\/p>\n<p style=\"text-align: center;\">Vos grades sont ainsi list\u00e9s par ordre de niveau<\/p>\n<\/div>\n<\/div><\/div><\/div><div id=\"pgc-451-2-1\"  class=\"panel-grid-cell\" ><div id=\"panel-451-2-1-0\" class=\"so-panel widget widget_sow-image-grid panel-first-child panel-last-child\" data-index=\"4\" ><div\n\t\t\t\n\t\t\tclass=\"so-widget-sow-image-grid so-widget-sow-image-grid-default-3fbf13dff59f-451\"\n\t\t\t\n\t\t>\t<div\n\t\tclass=\"sow-image-grid-wrapper\"\n\t\t\t\t\t>\n\t\t\t\t\t<div class=\"sow-image-grid-image\">\n\t\t\t\t\t\t\t\t\t\t\t\t\t<a href=\"https:\/\/www.dreams-software.com\/wp-content\/uploads\/2019\/06\/Param\u00e8tres-les-grades-3-Sports-Club-Management.png\"\n\t\t\t\t\t>\n\t\t\t\t\t\t\t\t<img loading=\"lazy\" decoding=\"async\" width=\"272\" height=\"182\" src=\"https:\/\/www.dreams-software.com\/wp-content\/uploads\/2019\/06\/Param\u00e8tres-les-grades-3-Sports-Club-Management-272x182.png\" class=\"sow-image-grid-image_html\" alt=\"Attribuer une couleur au grade de sport&quot;\" title=\"Choix de la couleur du grade\" \/>\t\t\t\t\t\t\t\t\t<\/a>\n\t\t\t\t\t\t\t\t\t\t\t<\/div>\n\t\t\t\t\t<div class=\"sow-image-grid-image\">\n\t\t\t\t\t\t\t\t\t\t\t\t\t<a href=\"https:\/\/www.dreams-software.com\/wp-content\/uploads\/2019\/06\/Param\u00e8tres-les-grades-5-Sports-Club-Management.png\"\n\t\t\t\t\t>\n\t\t\t\t\t\t\t\t<img loading=\"lazy\" decoding=\"async\" width=\"272\" height=\"182\" src=\"https:\/\/www.dreams-software.com\/wp-content\/uploads\/2019\/06\/Param\u00e8tres-les-grades-5-Sports-Club-Management-272x182.png\" class=\"sow-image-grid-image_html\" alt=\"Listing des grades&quot;\" title=\"Liste des grades cr\u00e9\u00e9s\" srcset=\"https:\/\/www.dreams-software.com\/wp-content\/uploads\/2019\/06\/Param\u00e8tres-les-grades-5-Sports-Club-Management-272x182.png 272w, https:\/\/www.dreams-software.com\/wp-content\/uploads\/2019\/06\/Param\u00e8tres-les-grades-5-Sports-Club-Management-1200x800.png 1200w, https:\/\/www.dreams-software.com\/wp-content\/uploads\/2019\/06\/Param\u00e8tres-les-grades-5-Sports-Club-Management-620x413.png 620w, https:\/\/www.dreams-software.com\/wp-content\/uploads\/2019\/06\/Param\u00e8tres-les-grades-5-Sports-Club-Management-400x267.png 400w\" sizes=\"auto, (max-width: 272px) 100vw, 272px\" \/>\t\t\t\t\t\t\t\t\t<\/a>\n\t\t\t\t\t\t\t\t\t\t\t<\/div>\n\t\t\t<\/div>\n<\/div><\/div><\/div><\/div><\/div><div id=\"pg-451-3\"  class=\"panel-grid panel-has-style\" ><div class=\"ds-row panel-row-style panel-row-style-for-451-3\" ><div id=\"pgc-451-3-0\"  class=\"panel-grid-cell\" ><div id=\"panel-451-3-0-0\" class=\"so-panel widget widget_sow-image-grid panel-first-child panel-last-child\" data-index=\"5\" ><div\n\t\t\t\n\t\t\tclass=\"so-widget-sow-image-grid so-widget-sow-image-grid-default-3fbf13dff59f-451\"\n\t\t\t\n\t\t>\t<div\n\t\tclass=\"sow-image-grid-wrapper\"\n\t\t\t\t\t>\n\t\t\t\t\t<div class=\"sow-image-grid-image\">\n\t\t\t\t\t\t\t\t\t\t\t\t\t<a href=\"https:\/\/www.dreams-software.com\/wp-content\/uploads\/2019\/06\/Param\u00e8tres-les-grades-6-Sports-Club-Management.png\"\n\t\t\t\t\t>\n\t\t\t\t\t\t\t\t<img loading=\"lazy\" decoding=\"async\" width=\"272\" height=\"182\" src=\"https:\/\/www.dreams-software.com\/wp-content\/uploads\/2019\/06\/Param\u00e8tres-les-grades-6-Sports-Club-Management-272x182.png\" class=\"sow-image-grid-image_html\" alt=\"Modifier le niveau du grade&quot;\" title=\"Modifier le niveau du grade\" \/>\t\t\t\t\t\t\t\t\t<\/a>\n\t\t\t\t\t\t\t\t\t\t\t<\/div>\n\t\t\t\t\t<div class=\"sow-image-grid-image\">\n\t\t\t\t\t\t\t\t\t\t\t\t\t<a href=\"https:\/\/www.dreams-software.com\/wp-content\/uploads\/2019\/06\/Param\u00e8tres-les-grades-7-Sports-Club-Management.png\"\n\t\t\t\t\t>\n\t\t\t\t\t\t\t\t<img loading=\"lazy\" decoding=\"async\" width=\"272\" height=\"182\" src=\"https:\/\/www.dreams-software.com\/wp-content\/uploads\/2019\/06\/Param\u00e8tres-les-grades-7-Sports-Club-Management-272x182.png\" class=\"sow-image-grid-image_html\" alt=\"Modifier le nom du grade&quot;\" title=\"Modifier le nom du grade\" \/>\t\t\t\t\t\t\t\t\t<\/a>\n\t\t\t\t\t\t\t\t\t\t\t<\/div>\n\t\t\t<\/div>\n<\/div><\/div><\/div><div id=\"pgc-451-3-1\"  class=\"panel-grid-cell\" ><div id=\"panel-451-3-1-0\" class=\"so-panel widget widget_sow-editor panel-first-child panel-last-child\" data-index=\"6\" ><div\n\t\t\t\n\t\t\tclass=\"so-widget-sow-editor so-widget-sow-editor-base\"\n\t\t\t\n\t\t>\n<div class=\"siteorigin-widget-tinymce textwidget\">\n\t<h2 style=\"text-align: center; margin-top: 0;\">Modifiez vos grades<\/h2>\n<p style=\"text-align: center;\">Une fois vos grades cr\u00e9\u00e9s, vous pouvez les modifier autant de fois que vous le souhaitez<\/p>\n<p style=\"text-align: center;\">Vous pouvez modifie leur nom, leur niveau ou m\u00eame leur couleur<\/p>\n<p style=\"text-align: center;\"><strong>Avec \"Sports Club Management\" vous n'\u00eates jamais fig\u00e9s aux r\u00e9glages de base<\/strong><\/p>\n<\/div>\n<\/div><\/div><\/div><\/div><\/div><div id=\"pg-451-4\"  class=\"panel-grid panel-has-style\" ><div class=\"panel-row-style panel-row-style-for-451-4\" ><div id=\"pgc-451-4-0\"  class=\"panel-grid-cell\" ><div id=\"panel-451-4-0-0\" class=\"so-panel widget widget_sow-button panel-first-child panel-last-child\" data-index=\"7\" ><div\n\t\t\t\n\t\t\tclass=\"so-widget-sow-button so-widget-sow-button-flat-dd8d193d5981-451\"\n\t\t\t\n\t\t><div class=\"ow-button-base ow-button-align-center\"\n>\n\t\t\t<a\n\t\t\t\tclass=\"sowb-button ow-icon-placement-left ow-button-hover\" \t>\n\t\t<span>\n\t\t\t<span class=\"sow-icon-fontawesome sow-fas\" data-sow-icon=\"&#xf100;\"\n\t\tstyle=\"color: #ffffff\" \n\t\taria-hidden=\"true\"><\/span>\n\t\t\tPr\u00e9c\u00e9dent\t\t<\/span>\n\t\t\t<\/a>\n\t<\/div>\n<\/div><\/div><\/div><div id=\"pgc-451-4-1\"  class=\"panel-grid-cell\" ><div id=\"panel-451-4-1-0\" class=\"so-panel widget widget_sow-button panel-first-child panel-last-child\" data-index=\"8\" ><div\n\t\t\t\n\t\t\tclass=\"so-widget-sow-button so-widget-sow-button-flat-dd8d193d5981-451\"\n\t\t\t\n\t\t><div class=\"ow-button-base ow-button-align-center\"\n>\n\t\t\t<a\n\t\t\t\tclass=\"sowb-button ow-icon-placement-right ow-button-hover\" \t>\n\t\t<span>\n\t\t\t<span class=\"sow-icon-fontawesome sow-fas\" data-sow-icon=\"&#xf101;\"\n\t\tstyle=\"color: #ffffff\" \n\t\taria-hidden=\"true\"><\/span>\n\t\t\tSuivant\t\t<\/span>\n\t\t\t<\/a>\n\t<\/div>\n<\/div><\/div><\/div><\/div><\/div><\/div>","protected":false},"excerpt":{"rendered":"<p>Cr\u00e9er votre syst\u00e8me de grades Cr\u00e9ez vos grades Que ce soit pour les arts martiaux (judo, karat\u00e9, taekwondo, kung fu, etc.), les sports de combats (boxe, kick-boxing, MMA, Krav-Maga, etc.) ou tout autres sport (football, basket, tennis, \u00e9quitation, etc.), vous cr\u00e9ez votre syst\u00e8me de grade. Compatible avec tous les sports existants, vous pouvez d\u00e9finir jusqu&#8217;\u00e0&hellip;&nbsp;<a href=\"https:\/\/www.dreams-software.com\/en\/sports-club-management\/systeme-grade\/\" rel=\"bookmark\">Read More &raquo;<span class=\"screen-reader-text\">Syst\u00e8me de grades<\/span><\/a><\/p>\n","protected":false},"author":1,"featured_media":0,"parent":2,"menu_order":0,"comment_status":"closed","ping_status":"closed","template":"","meta":{"neve_meta_sidebar":"","neve_meta_container":"","neve_meta_enable_content_width":"","neve_meta_content_width":0,"neve_meta_title_alignment":"","neve_meta_author_avatar":"","neve_post_elements_order":"","neve_meta_disable_header":"","neve_meta_disable_footer":"","neve_meta_disable_title":"","neve_meta_reading_time":"","footnotes":""},"class_list":["post-451","page","type-page","status-publish","hentry"],"yoast_head":"<!-- This site is optimized with the Yoast SEO plugin v27.2 - https:\/\/yoast.com\/product\/yoast-seo-wordpress\/ -->\n<title>Syst\u00e8me de grades<\/title>\n<meta name=\"robots\" content=\"index, follow, max-snippet:-1, max-image-preview:large, max-video-preview:-1\" \/>\n<link rel=\"canonical\" href=\"https:\/\/www.dreams-software.com\/en\/sports-club-management\/systeme-grade\/\" \/>\n<meta property=\"og:locale\" content=\"en_US\" \/>\n<meta property=\"og:locale:alternate\" content=\"fr_FR\" \/>\n<meta property=\"og:locale:alternate\" content=\"es_ES\" \/>\n<meta property=\"og:locale:alternate\" content=\"de_DE\" \/>\n<meta property=\"og:type\" content=\"article\" \/>\n<meta property=\"og:title\" content=\"Syst\u00e8me de grades\" \/>\n<meta property=\"og:description\" content=\"Cr\u00e9er votre syst\u00e8me de grades Cr\u00e9ez vos grades Que ce soit pour les arts martiaux (judo, karat\u00e9, taekwondo, kung fu, etc.), les sports de combats (boxe, kick-boxing, MMA, Krav-Maga, etc.) ou tout autres sport (football, basket, tennis, \u00e9quitation, etc.), vous cr\u00e9ez votre syst\u00e8me de grade. Compatible avec tous les sports existants, vous pouvez d\u00e9finir jusqu&#039;\u00e0&hellip;&nbsp;Read More &raquo;Syst\u00e8me de grades\" \/>\n<meta property=\"og:url\" content=\"https:\/\/www.dreams-software.com\/en\/sports-club-management\/systeme-grade\/\" \/>\n<meta property=\"og:site_name\" content=\"Dreams Software\" \/>\n<meta property=\"article:modified_time\" content=\"2019-06-26T09:03:48+00:00\" \/>\n<meta name=\"twitter:card\" content=\"summary_large_image\" \/>\n<meta name=\"twitter:label1\" content=\"Est. reading time\" \/>\n\t<meta name=\"twitter:data1\" content=\"1 minute\" \/>\n<script type=\"application\/ld+json\" class=\"yoast-schema-graph\">{\"@context\":\"https:\/\/schema.org\",\"@graph\":[{\"@type\":\"WebPage\",\"@id\":\"https:\/\/www.dreams-software.com\/sports-club-management\/systeme-grade\/\",\"url\":\"https:\/\/www.dreams-software.com\/sports-club-management\/systeme-grade\/\",\"name\":\"Syst\u00e8me de grades\",\"isPartOf\":{\"@id\":\"https:\/\/www.dreams-software.com\/#website\"},\"datePublished\":\"2019-05-21T15:53:50+00:00\",\"dateModified\":\"2019-06-26T09:03:48+00:00\",\"breadcrumb\":{\"@id\":\"https:\/\/www.dreams-software.com\/sports-club-management\/systeme-grade\/#breadcrumb\"},\"inLanguage\":\"en-US\",\"potentialAction\":[{\"@type\":\"ReadAction\",\"target\":[\"https:\/\/www.dreams-software.com\/sports-club-management\/systeme-grade\/\"]}]},{\"@type\":\"BreadcrumbList\",\"@id\":\"https:\/\/www.dreams-software.com\/sports-club-management\/systeme-grade\/#breadcrumb\",\"itemListElement\":[{\"@type\":\"ListItem\",\"position\":1,\"name\":\"Accueil\",\"item\":\"https:\/\/www.dreams-software.com\/\"},{\"@type\":\"ListItem\",\"position\":2,\"name\":\"Sports Club Management\",\"item\":\"https:\/\/www.dreams-software.com\/sports-club-management\/\"},{\"@type\":\"ListItem\",\"position\":3,\"name\":\"Syst\u00e8me de grades\"}]},{\"@type\":\"WebSite\",\"@id\":\"https:\/\/www.dreams-software.com\/#website\",\"url\":\"https:\/\/www.dreams-software.com\/\",\"name\":\"Dreams Software\",\"description\":\"Logiciels pour club de sport\",\"publisher\":{\"@id\":\"https:\/\/www.dreams-software.com\/#organization\"},\"potentialAction\":[{\"@type\":\"SearchAction\",\"target\":{\"@type\":\"EntryPoint\",\"urlTemplate\":\"https:\/\/www.dreams-software.com\/?s={search_term_string}\"},\"query-input\":{\"@type\":\"PropertyValueSpecification\",\"valueRequired\":true,\"valueName\":\"search_term_string\"}}],\"inLanguage\":\"en-US\"},{\"@type\":\"Organization\",\"@id\":\"https:\/\/www.dreams-software.com\/#organization\",\"name\":\"Dreams Software\",\"url\":\"https:\/\/www.dreams-software.com\/\",\"logo\":{\"@type\":\"ImageObject\",\"inLanguage\":\"en-US\",\"@id\":\"https:\/\/www.dreams-software.com\/#\/schema\/logo\/image\/\",\"url\":\"https:\/\/www.dreams-software.com\/wp-content\/uploads\/2019\/02\/dreams-software-logo-1502114604.png\",\"contentUrl\":\"https:\/\/www.dreams-software.com\/wp-content\/uploads\/2019\/02\/dreams-software-logo-1502114604.png\",\"width\":167,\"height\":97,\"caption\":\"Dreams Software\"},\"image\":{\"@id\":\"https:\/\/www.dreams-software.com\/#\/schema\/logo\/image\/\"}}]}<\/script>\n<!-- \/ Yoast SEO plugin. -->","yoast_head_json":{"title":"Syst\u00e8me de grades","robots":{"index":"index","follow":"follow","max-snippet":"max-snippet:-1","max-image-preview":"max-image-preview:large","max-video-preview":"max-video-preview:-1"},"canonical":"https:\/\/www.dreams-software.com\/en\/sports-club-management\/systeme-grade\/","og_locale":"en_US","og_type":"article","og_title":"[:fr]Syst\u00e8me de grades[:] - Dreams Software","og_description":"Cr\u00e9er votre syst\u00e8me de grades Cr\u00e9ez vos grades Que ce soit pour les arts martiaux (judo, karat\u00e9, taekwondo, kung fu, etc.), les sports de combats (boxe, kick-boxing, MMA, Krav-Maga, etc.) ou tout autres sport (football, basket, tennis, \u00e9quitation, etc.), vous cr\u00e9ez votre syst\u00e8me de grade. Compatible avec tous les sports existants, vous pouvez d\u00e9finir jusqu'\u00e0&hellip;&nbsp;Read More &raquo;Syst\u00e8me de grades","og_url":"https:\/\/www.dreams-software.com\/en\/sports-club-management\/systeme-grade\/","og_site_name":"Dreams Software","article_modified_time":"2019-06-26T09:03:48+00:00","twitter_card":"summary_large_image","twitter_misc":{"Est. reading time":"1 minute"},"schema":{"@context":"https:\/\/schema.org","@graph":[{"@type":"WebPage","@id":"https:\/\/www.dreams-software.com\/sports-club-management\/systeme-grade\/","url":"https:\/\/www.dreams-software.com\/sports-club-management\/systeme-grade\/","name":"Syst\u00e8me de grades","isPartOf":{"@id":"https:\/\/www.dreams-software.com\/#website"},"datePublished":"2019-05-21T15:53:50+00:00","dateModified":"2019-06-26T09:03:48+00:00","breadcrumb":{"@id":"https:\/\/www.dreams-software.com\/sports-club-management\/systeme-grade\/#breadcrumb"},"inLanguage":"en-US","potentialAction":[{"@type":"ReadAction","target":["https:\/\/www.dreams-software.com\/sports-club-management\/systeme-grade\/"]}]},{"@type":"BreadcrumbList","@id":"https:\/\/www.dreams-software.com\/sports-club-management\/systeme-grade\/#breadcrumb","itemListElement":[{"@type":"ListItem","position":1,"name":"Accueil","item":"https:\/\/www.dreams-software.com\/"},{"@type":"ListItem","position":2,"name":"Sports Club Management","item":"https:\/\/www.dreams-software.com\/sports-club-management\/"},{"@type":"ListItem","position":3,"name":"Syst\u00e8me de grades"}]},{"@type":"WebSite","@id":"https:\/\/www.dreams-software.com\/#website","url":"https:\/\/www.dreams-software.com\/","name":"Dreams Software","description":"Logiciels pour club de sport","publisher":{"@id":"https:\/\/www.dreams-software.com\/#organization"},"potentialAction":[{"@type":"SearchAction","target":{"@type":"EntryPoint","urlTemplate":"https:\/\/www.dreams-software.com\/?s={search_term_string}"},"query-input":{"@type":"PropertyValueSpecification","valueRequired":true,"valueName":"search_term_string"}}],"inLanguage":"en-US"},{"@type":"Organization","@id":"https:\/\/www.dreams-software.com\/#organization","name":"Dreams Software","url":"https:\/\/www.dreams-software.com\/","logo":{"@type":"ImageObject","inLanguage":"en-US","@id":"https:\/\/www.dreams-software.com\/#\/schema\/logo\/image\/","url":"https:\/\/www.dreams-software.com\/wp-content\/uploads\/2019\/02\/dreams-software-logo-1502114604.png","contentUrl":"https:\/\/www.dreams-software.com\/wp-content\/uploads\/2019\/02\/dreams-software-logo-1502114604.png","width":167,"height":97,"caption":"Dreams Software"},"image":{"@id":"https:\/\/www.dreams-software.com\/#\/schema\/logo\/image\/"}}]}},"jetpack_sharing_enabled":true,"_links":{"self":[{"href":"https:\/\/www.dreams-software.com\/en\/wp-json\/wp\/v2\/pages\/451","targetHints":{"allow":["GET"]}}],"collection":[{"href":"https:\/\/www.dreams-software.com\/en\/wp-json\/wp\/v2\/pages"}],"about":[{"href":"https:\/\/www.dreams-software.com\/en\/wp-json\/wp\/v2\/types\/page"}],"author":[{"embeddable":true,"href":"https:\/\/www.dreams-software.com\/en\/wp-json\/wp\/v2\/users\/1"}],"replies":[{"embeddable":true,"href":"https:\/\/www.dreams-software.com\/en\/wp-json\/wp\/v2\/comments?post=451"}],"version-history":[{"count":96,"href":"https:\/\/www.dreams-software.com\/en\/wp-json\/wp\/v2\/pages\/451\/revisions"}],"predecessor-version":[{"id":1277,"href":"https:\/\/www.dreams-software.com\/en\/wp-json\/wp\/v2\/pages\/451\/revisions\/1277"}],"up":[{"embeddable":true,"href":"https:\/\/www.dreams-software.com\/en\/wp-json\/wp\/v2\/pages\/2"}],"wp:attachment":[{"href":"https:\/\/www.dreams-software.com\/en\/wp-json\/wp\/v2\/media?parent=451"}],"curies":[{"name":"wp","href":"https:\/\/api.w.org\/{rel}","templated":true}]}}