{"id":2,"date":"2019-02-20T17:48:08","date_gmt":"2019-02-20T16:48:08","guid":{"rendered":"https:\/\/www.dreams-software.com\/?page_id=2"},"modified":"2022-09-08T22:20:54","modified_gmt":"2022-09-08T20:20:54","slug":"sports-club-management","status":"publish","type":"page","link":"https:\/\/www.dreams-software.com\/es\/sports-club-management\/","title":{"rendered":"Sports Club Management"},"content":{"rendered":"<div id=\"pl-2\"  class=\"panel-layout\" ><div id=\"pg-2-0\"  class=\"panel-grid panel-no-style\" ><div id=\"pgc-2-0-0\"  class=\"panel-grid-cell\" ><div id=\"panel-2-0-0-0\" class=\"so-panel widget widget_sow-editor panel-first-child panel-last-child\" data-index=\"0\" ><div\n\t\t\t\n\t\t\tclass=\"so-widget-sow-editor so-widget-sow-editor-base\"\n\t\t\t\n\t\t>\n<div class=\"siteorigin-widget-tinymce textwidget\">\n\t<h1 style=\"text-align: center;\"><strong>Software de gesti\u00f3n para asociaciones deportivas<\/strong><\/h1>\n<\/div>\n<\/div><\/div><\/div><\/div><div id=\"pg-2-1\"  class=\"panel-grid panel-no-style\" ><div id=\"pgc-2-1-0\"  class=\"panel-grid-cell\" ><div id=\"panel-2-1-0-0\" class=\"so-panel widget widget_metaslider_widget panel-first-child panel-last-child\" data-index=\"1\" ><div id=\"metaslider-id-132\" style=\"width: 100%; margin: 0 auto;\" class=\"ml-slider-3-108-0 metaslider metaslider-flex metaslider-132 ml-slider ms-theme-default nav-hidden\" role=\"region\" aria-label=\"Slide photos SCM\">\n    <div id=\"metaslider_container_132\">\n        <div id=\"metaslider_132\">\n            <ul class='slides'>\n                <li style=\"display: block; width: 100%;\" class=\"slide-698 ms-image \" aria-roledescription=\"slide\" data-date=\"2019-06-13 23:43:50\" data-filename=\"sports-club-management-0x0.jpg\" data-slide-type=\"image\"><img decoding=\"async\" src=\"https:\/\/www.dreams-software.com\/wp-content\/uploads\/2019\/02\/sports-club-management-0x0.jpg\" alt=\"Logiciel de gestion pour association sportive\" class=\"slider-132 slide-698 msDefaultImage\" title=\"Sports Club Management\" \/><div class=\"caption-wrap\"><div class=\"caption\">[:fr]Logiciel de gestion pour association sportive[:]<\/div><\/div><\/li>\n                <li style=\"display: none; width: 100%;\" class=\"slide-699 ms-image \" aria-roledescription=\"slide\" data-date=\"2019-06-13 23:44:54\" data-filename=\"Param\u00e8tres-les-grades-5-Sports-Club-Management.png\" data-slide-type=\"image\"><img decoding=\"async\" src=\"https:\/\/www.dreams-software.com\/wp-content\/uploads\/2019\/06\/Param\u00e8tres-les-grades-5-Sports-Club-Management.png\" alt=\"liste des grades cr\u00e9\u00e9s\" class=\"slider-132 slide-699 msDefaultImage\" title=\"Liste des grades cr\u00e9\u00e9s - Sports Club Management\" \/><\/li>\n            <\/ul>\n        <\/div>\n        \n    <\/div>\n<\/div><\/div><\/div><div id=\"pgc-2-1-1\"  class=\"panel-grid-cell\" ><div id=\"panel-2-1-1-0\" class=\"so-panel widget widget_sow-editor panel-first-child\" data-index=\"2\" ><div\n\t\t\t\n\t\t\tclass=\"so-widget-sow-editor so-widget-sow-editor-base\"\n\t\t\t\n\t\t>\n<div class=\"siteorigin-widget-tinymce textwidget\">\n\t<div style=\"text-align: left;\"><div class=\"sdm_download_button_box_default\"><div class=\"sdm_download_link\"><a href=\"https:\/\/www.dreams-software.com\/?sdm_process_download=1&download_id=475\" class=\"sdm_download darkblue\" title=\"SPORTS CLUB MANAGEMENT\" >Essayer gratuitement \/ Try for free<\/a><\/div><\/div><\/div>\n<\/div>\n<\/div><\/div><div id=\"panel-2-1-1-1\" class=\"so-panel widget widget_sow-editor panel-last-child\" data-index=\"3\" ><div\n\t\t\t\n\t\t\tclass=\"so-widget-sow-editor so-widget-sow-editor-base\"\n\t\t\t\n\t\t>\n<div class=\"siteorigin-widget-tinymce textwidget\">\n\t<h2 style=\"font-size:18px;\"><strong>\u00a1\"SPORTS CLUB MANAGEMENT\" es la herramienta de gesti\u00f3n ideal para su Asociaci\u00f3n Deportiva!<\/strong><\/h2>\n<p><strong>Gracias a una interfaz simplificada e intuitiva, puedes gestionar tu temporada deportiva seg\u00fan tus necesidades hasta el m\u00e1s m\u00ednimo detalle:<br \/>\ninscripci\u00f3n online, calendario de cursos con contenidos t\u00e9cnicos impartidos para cada curso, asignaci\u00f3n de profesores, contabilidad, informaci\u00f3n relativa a tu club deportivo o asociaci\u00f3n deportiva, creaci\u00f3n de facturas autom\u00e1ticas para tus socios.<\/strong><\/p>\n<h3 style=\"font-size:15px;\"><strong>Principales caracter\u00edsticas:<\/strong><\/h3>\n<p style=\"line-height: 25px;\">\n<li>Configuraci\u00f3n b\u00e1sica: gesti\u00f3n de temporadas deportivas, registro online de tus socios, notas de tu actividad deportiva (cinturones, guantes, escudos, flechas, ranking, etc.), informaci\u00f3n relativa a monitores deportivos, contabilidad, etc.<\/li>\n<li>Estad\u00edsticas detalladas de tu asociaci\u00f3n deportiva o club deportivo.<\/li>\n<li>Gesti\u00f3n de temporadas deportivas (fechas de inicio y fin de temporada).<\/li>\n<li>Listado de t\u00e9cnicas por grado a impartir o ya impartidas.<\/li>\n<li>Organizaci\u00f3n de la programaci\u00f3n del curso de forma semanal, mensual o anual.<br \/>\n(actividades, lugares, horarios, monitores...)<\/li>\n<li>Gesti\u00f3n de socios para la temporada deportiva (fichas de socios editables...).<\/li>\n<li>Gesti\u00f3n personalizada de la informaci\u00f3n de los socios (apellidos, nombre, fecha de nacimiento, direcci\u00f3n, tel\u00e9fono, correo electr\u00f3nico, n\u00famero de licencia, certificados m\u00e9dicos, etc.) \u00a1con la posibilidad de crear sus propios campos!<\/li>\n<li>Gesti\u00f3n administrativa simplificada mediante la creaci\u00f3n de facturas autom\u00e1ticas para los miembros.<\/li>\n<li>Contabilidad integrada con gesti\u00f3n de cobros\/gastos recurrentes y puntuales.<\/li>\n<li>Importaci\u00f3n en formato CSV de sus datos (miembros, grados, t\u00e9cnicas, etc.)<\/li>\n<li>Exportaci\u00f3n de sus datos por \u00edtem o total.<\/li>\n<p>&nbsp;<\/p>\n<h3 style=\"font-size:15px;\"><strong>Puntos importantes :<\/strong><\/h3>\n<p style=\"line-height: 25px;\">\n<li>Complemento compatible con todos los sitios web<\/li>\n<li>Base de datos almacenada en su servidor, ya sea mutualidad, VPS o servidor dedicado.<br \/>\n(sin nube, sin almacenamiento externo ni comunicaci\u00f3n de sus datos)<\/li><\/p>\n<\/div>\n<\/div><\/div><\/div><\/div><div id=\"pg-2-2\"  class=\"panel-grid panel-no-style\" ><div id=\"pgc-2-2-0\"  class=\"panel-grid-cell\" ><div id=\"panel-2-2-0-0\" class=\"so-panel widget widget_sow-editor panel-first-child panel-last-child\" data-index=\"4\" ><div\n\t\t\t\n\t\t\tclass=\"so-widget-sow-editor so-widget-sow-editor-base\"\n\t\t\t\n\t\t>\n<div class=\"siteorigin-widget-tinymce textwidget\">\n\t<h2 style=\"text-align: center; font-size: 25px;\"><strong>Sports Club Management en detalle<\/strong><\/h2>\n<\/div>\n<\/div><\/div><\/div><\/div><div id=\"pg-2-3\"  class=\"panel-grid panel-has-style\" ><div class=\"panel-row-style panel-row-style-for-2-3\" ><div id=\"pgc-2-3-0\"  class=\"panel-grid-cell\" ><div id=\"panel-2-3-0-0\" class=\"so-panel widget widget_sow-image panel-first-child\" data-index=\"5\" ><div class=\"panel-widget-style panel-widget-style-for-2-3-0-0\" ><div\n\t\t\t\n\t\t\tclass=\"so-widget-sow-image so-widget-sow-image-default-334eeca80698-2\"\n\t\t\t\n\t\t>\n<div class=\"sow-image-container\">\n\t\t\t<a href=\"https:\/\/www.dreams-software.com\/es\/sports-club-management\/configuration-logiciel-association\/\"\n\t\t\t\t\t>\n\t\t\t<img \n\tsrc=\"https:\/\/www.dreams-software.com\/wp-content\/uploads\/2019\/06\/logiciel-club-sport-configuration-club.jpg\" width=\"450\" height=\"150\" srcset=\"https:\/\/www.dreams-software.com\/wp-content\/uploads\/2019\/06\/logiciel-club-sport-configuration-club.jpg 450w, https:\/\/www.dreams-software.com\/wp-content\/uploads\/2019\/06\/logiciel-club-sport-configuration-club-300x100.jpg 300w\" sizes=\"(max-width: 450px) 100vw, 450px\" title=\"Configurez votre logiciel de club de sport\" alt=\"Configurez votre logiciel de club de sport\" \t\tclass=\"so-widget-image\"\/>\n\t\t\t<\/a><\/div>\n\n<\/div><\/div><\/div><div id=\"panel-2-3-0-1\" class=\"so-panel widget widget_sow-editor panel-last-child\" data-index=\"6\" ><div class=\"panel-widget-style panel-widget-style-for-2-3-0-1\" ><div\n\t\t\t\n\t\t\tclass=\"so-widget-sow-editor so-widget-sow-editor-base\"\n\t\t\t\n\t\t>\n<div class=\"siteorigin-widget-tinymce textwidget\">\n\t<h2 class=\"widget-scm\" style=\"text-align: center;\"><strong><a href=\"https:\/\/www.dreams-software.com\/fr\/configuration-logiciel-association\/\" rel=\"noopener\">Personaliza el software<br \/>\nde tu club deportivo<\/a><\/strong><\/h2>\n<div style=\"text-align: center;\">\n<li>Datos de facturaci\u00f3n completos con tu logo<\/li>\n<li>Rellena los cursos, las notas, las t\u00e9cnicas impartidas,...<\/li>\n<li>Rellena la tarifa de tus aportaciones (anual\/mensual)<\/li>\n<\/div>\n<\/div>\n<\/div><\/div><\/div><\/div><div id=\"pgc-2-3-1\"  class=\"panel-grid-cell\" ><div id=\"panel-2-3-1-0\" class=\"so-panel widget widget_sow-image panel-first-child\" data-index=\"7\" ><div class=\"panel-widget-style panel-widget-style-for-2-3-1-0\" ><div\n\t\t\t\n\t\t\tclass=\"so-widget-sow-image so-widget-sow-image-default-334eeca80698-2\"\n\t\t\t\n\t\t>\n<div class=\"sow-image-container\">\n\t\t\t<a href=\"https:\/\/www.dreams-software.com\/es\/sports-club-management\/planning-des-cours\/\"\n\t\t\t\t\t>\n\t\t\t<img \n\tsrc=\"https:\/\/www.dreams-software.com\/wp-content\/uploads\/2019\/06\/logiciel-club-sport-listing-techniques-enseignees.jpg\" width=\"450\" height=\"150\" srcset=\"https:\/\/www.dreams-software.com\/wp-content\/uploads\/2019\/06\/logiciel-club-sport-listing-techniques-enseignees.jpg 450w, https:\/\/www.dreams-software.com\/wp-content\/uploads\/2019\/06\/logiciel-club-sport-listing-techniques-enseignees-300x100.jpg 300w\" sizes=\"(max-width: 450px) 100vw, 450px\" title=\"logiciel club sport listing techniques enseign\u00e9es\" alt=\"logiciel club sport listing techniques enseign\u00e9es\" \t\tclass=\"so-widget-image\"\/>\n\t\t\t<\/a><\/div>\n\n<\/div><\/div><\/div><div id=\"panel-2-3-1-1\" class=\"so-panel widget widget_sow-editor panel-last-child\" data-index=\"8\" ><div class=\"panel-widget-style panel-widget-style-for-2-3-1-1\" ><div\n\t\t\t\n\t\t\tclass=\"so-widget-sow-editor so-widget-sow-editor-base\"\n\t\t\t\n\t\t>\n<div class=\"siteorigin-widget-tinymce textwidget\">\n\t<h2 class=\"widget-scm\" style=\"text-align: center;\"><strong><a href=\"https:\/\/www.dreams-software.com\/fr\/sports-club-management\/validation-techniques-enseignees\/\" rel=\"noopener\">Detallar y validar las t\u00e9cnicas ense\u00f1adas<br \/>\nen su disciplina<\/a><\/strong><\/h2>\n<div style=\"text-align: center;\">\n<li>Crea tantas t\u00e9cnicas diferentes como quieras<\/li>\n<li>Asigne sus t\u00e9cnicas por rangos o nivel de rango<\/li>\n<li>Encu\u00e9ntralos autom\u00e1ticamente en el horario del curso<\/li>\n<\/div>\n<\/div>\n<\/div><\/div><\/div><\/div><div id=\"pgc-2-3-2\"  class=\"panel-grid-cell\" ><div id=\"panel-2-3-2-0\" class=\"so-panel widget widget_sow-image panel-first-child\" data-index=\"9\" ><div class=\"panel-widget-style panel-widget-style-for-2-3-2-0\" ><div\n\t\t\t\n\t\t\tclass=\"so-widget-sow-image so-widget-sow-image-default-334eeca80698-2\"\n\t\t\t\n\t\t>\n<div class=\"sow-image-container\">\n\t\t\t<a href=\"https:\/\/www.dreams-software.com\/es\/sports-club-management\/systeme-grade\/\"\n\t\t\t\t\t>\n\t\t\t<img \n\tsrc=\"https:\/\/www.dreams-software.com\/wp-content\/uploads\/2019\/06\/logiciel-club-sport-grades.jpg\" width=\"450\" height=\"150\" srcset=\"https:\/\/www.dreams-software.com\/wp-content\/uploads\/2019\/06\/logiciel-club-sport-grades.jpg 450w, https:\/\/www.dreams-software.com\/wp-content\/uploads\/2019\/06\/logiciel-club-sport-grades-300x100.jpg 300w\" sizes=\"(max-width: 450px) 100vw, 450px\" title=\"logiciel club sport grades\" alt=\"logiciel club sport grades\" \t\tclass=\"so-widget-image\"\/>\n\t\t\t<\/a><\/div>\n\n<\/div><\/div><\/div><div id=\"panel-2-3-2-1\" class=\"so-panel widget widget_sow-editor panel-last-child\" data-index=\"10\" ><div class=\"panel-widget-style panel-widget-style-for-2-3-2-1\" ><div\n\t\t\t\n\t\t\tclass=\"so-widget-sow-editor so-widget-sow-editor-base\"\n\t\t\t\n\t\t>\n<div class=\"siteorigin-widget-tinymce textwidget\">\n\t<h2 class=\"widget-scm\" style=\"text-align: center;\"><a href=\"https:\/\/www.dreams-software.com\/fr\/sports-club-management\/systeme-grade\/\" rel=\"noopener\"><strong>Crea tu sistema de calificaci\u00f3n<\/strong><\/a><\/h2>\n<div style=\"text-align: center;\">\n<li>Crea tantos rangos como quieras<\/li>\n<li>Personaliza tus niveles de rango<\/li>\n<li>Asigne un color \u00fanico por grado<\/li>\n<\/div>\n<\/div>\n<\/div><\/div><\/div><\/div><\/div><\/div><\/div>","protected":false},"excerpt":{"rendered":"<p>Software de gesti\u00f3n para asociaciones deportivas \u00a1&#8221;SPORTS CLUB MANAGEMENT&#8221; es la herramienta de gesti\u00f3n ideal para su Asociaci\u00f3n Deportiva! Gracias a una interfaz simplificada e intuitiva, puedes gestionar tu temporada deportiva seg\u00fan tus necesidades hasta el m\u00e1s m\u00ednimo detalle: inscripci\u00f3n online, calendario de cursos con contenidos t\u00e9cnicos impartidos para cada curso, asignaci\u00f3n de profesores, contabilidad,&hellip;&nbsp;<a href=\"https:\/\/www.dreams-software.com\/es\/sports-club-management\/\" rel=\"bookmark\">Read More &raquo;<span class=\"screen-reader-text\">Sports Club Management<\/span><\/a><\/p>\n","protected":false},"author":1,"featured_media":0,"parent":0,"menu_order":0,"comment_status":"closed","ping_status":"open","template":"","meta":{"neve_meta_sidebar":"","neve_meta_container":"","neve_meta_enable_content_width":"off","neve_meta_content_width":100,"neve_meta_title_alignment":"","neve_meta_author_avatar":"","neve_post_elements_order":"","neve_meta_disable_header":"","neve_meta_disable_footer":"","neve_meta_disable_title":"","neve_meta_reading_time":"","footnotes":""},"class_list":["post-2","page","type-page","status-publish","hentry"],"yoast_head":"<!-- This site is optimized with the Yoast SEO plugin v27.2 - https:\/\/yoast.com\/product\/yoast-seo-wordpress\/ -->\n<title>Sports Club Management<\/title>\n<meta name=\"robots\" content=\"index, follow, max-snippet:-1, max-image-preview:large, max-video-preview:-1\" \/>\n<link rel=\"canonical\" href=\"https:\/\/www.dreams-software.com\/es\/sports-club-management\/\" \/>\n<meta property=\"og:locale\" content=\"es_ES\" \/>\n<meta property=\"og:locale:alternate\" content=\"fr_FR\" \/>\n<meta property=\"og:locale:alternate\" content=\"en_US\" \/>\n<meta property=\"og:locale:alternate\" content=\"de_DE\" \/>\n<meta property=\"og:type\" content=\"article\" \/>\n<meta property=\"og:title\" content=\"Sports Club Management\" \/>\n<meta property=\"og:description\" content=\"Software de gesti\u00f3n para asociaciones deportivas \u00a1&quot;SPORTS CLUB MANAGEMENT&quot; es la herramienta de gesti\u00f3n ideal para su Asociaci\u00f3n Deportiva! Gracias a una interfaz simplificada e intuitiva, puedes gestionar tu temporada deportiva seg\u00fan tus necesidades hasta el m\u00e1s m\u00ednimo detalle: inscripci\u00f3n online, calendario de cursos con contenidos t\u00e9cnicos impartidos para cada curso, asignaci\u00f3n de profesores, contabilidad,&hellip;&nbsp;Read More &raquo;Sports Club Management\" \/>\n<meta property=\"og:url\" content=\"https:\/\/www.dreams-software.com\/es\/sports-club-management\/\" \/>\n<meta property=\"og:site_name\" content=\"Dreams Software\" \/>\n<meta property=\"article:modified_time\" content=\"2022-09-08T20:20:54+00:00\" \/>\n<meta name=\"twitter:card\" content=\"summary_large_image\" \/>\n<meta name=\"twitter:label1\" content=\"Est. reading time\" \/>\n\t<meta name=\"twitter:data1\" content=\"1 minute\" \/>\n<script type=\"application\/ld+json\" class=\"yoast-schema-graph\">{\"@context\":\"https:\/\/schema.org\",\"@graph\":[{\"@type\":\"WebPage\",\"@id\":\"https:\/\/www.dreams-software.com\/sports-club-management\/\",\"url\":\"https:\/\/www.dreams-software.com\/sports-club-management\/\",\"name\":\"Sports Club Management\",\"isPartOf\":{\"@id\":\"https:\/\/www.dreams-software.com\/#website\"},\"datePublished\":\"2019-02-20T16:48:08+00:00\",\"dateModified\":\"2022-09-08T20:20:54+00:00\",\"breadcrumb\":{\"@id\":\"https:\/\/www.dreams-software.com\/sports-club-management\/#breadcrumb\"},\"inLanguage\":\"es-ES\",\"potentialAction\":[{\"@type\":\"ReadAction\",\"target\":[\"https:\/\/www.dreams-software.com\/sports-club-management\/\"]}]},{\"@type\":\"BreadcrumbList\",\"@id\":\"https:\/\/www.dreams-software.com\/sports-club-management\/#breadcrumb\",\"itemListElement\":[{\"@type\":\"ListItem\",\"position\":1,\"name\":\"Accueil\",\"item\":\"https:\/\/www.dreams-software.com\/\"},{\"@type\":\"ListItem\",\"position\":2,\"name\":\"Sports Club Management\"}]},{\"@type\":\"WebSite\",\"@id\":\"https:\/\/www.dreams-software.com\/#website\",\"url\":\"https:\/\/www.dreams-software.com\/\",\"name\":\"Dreams Software\",\"description\":\"Logiciels pour club de sport\",\"publisher\":{\"@id\":\"https:\/\/www.dreams-software.com\/#organization\"},\"potentialAction\":[{\"@type\":\"SearchAction\",\"target\":{\"@type\":\"EntryPoint\",\"urlTemplate\":\"https:\/\/www.dreams-software.com\/?s={search_term_string}\"},\"query-input\":{\"@type\":\"PropertyValueSpecification\",\"valueRequired\":true,\"valueName\":\"search_term_string\"}}],\"inLanguage\":\"es-ES\"},{\"@type\":\"Organization\",\"@id\":\"https:\/\/www.dreams-software.com\/#organization\",\"name\":\"Dreams Software\",\"url\":\"https:\/\/www.dreams-software.com\/\",\"logo\":{\"@type\":\"ImageObject\",\"inLanguage\":\"es-ES\",\"@id\":\"https:\/\/www.dreams-software.com\/#\/schema\/logo\/image\/\",\"url\":\"https:\/\/www.dreams-software.com\/wp-content\/uploads\/2019\/02\/dreams-software-logo-1502114604.png\",\"contentUrl\":\"https:\/\/www.dreams-software.com\/wp-content\/uploads\/2019\/02\/dreams-software-logo-1502114604.png\",\"width\":167,\"height\":97,\"caption\":\"Dreams Software\"},\"image\":{\"@id\":\"https:\/\/www.dreams-software.com\/#\/schema\/logo\/image\/\"}}]}<\/script>\n<!-- \/ Yoast SEO plugin. -->","yoast_head_json":{"title":"Sports Club Management","robots":{"index":"index","follow":"follow","max-snippet":"max-snippet:-1","max-image-preview":"max-image-preview:large","max-video-preview":"max-video-preview:-1"},"canonical":"https:\/\/www.dreams-software.com\/es\/sports-club-management\/","og_locale":"es_ES","og_type":"article","og_title":"[:fr]Sports Club Management[:en]Sports Club Management[:es]Sports Club Management[:de]Sports Club Management[:] - Dreams Software","og_description":"Software de gesti\u00f3n para asociaciones deportivas \u00a1\"SPORTS CLUB MANAGEMENT\" es la herramienta de gesti\u00f3n ideal para su Asociaci\u00f3n Deportiva! Gracias a una interfaz simplificada e intuitiva, puedes gestionar tu temporada deportiva seg\u00fan tus necesidades hasta el m\u00e1s m\u00ednimo detalle: inscripci\u00f3n online, calendario de cursos con contenidos t\u00e9cnicos impartidos para cada curso, asignaci\u00f3n de profesores, contabilidad,&hellip;&nbsp;Read More &raquo;Sports Club Management","og_url":"https:\/\/www.dreams-software.com\/es\/sports-club-management\/","og_site_name":"Dreams Software","article_modified_time":"2022-09-08T20:20:54+00:00","twitter_card":"summary_large_image","twitter_misc":{"Est. reading time":"1 minute"},"schema":{"@context":"https:\/\/schema.org","@graph":[{"@type":"WebPage","@id":"https:\/\/www.dreams-software.com\/sports-club-management\/","url":"https:\/\/www.dreams-software.com\/sports-club-management\/","name":"Sports Club Management","isPartOf":{"@id":"https:\/\/www.dreams-software.com\/#website"},"datePublished":"2019-02-20T16:48:08+00:00","dateModified":"2022-09-08T20:20:54+00:00","breadcrumb":{"@id":"https:\/\/www.dreams-software.com\/sports-club-management\/#breadcrumb"},"inLanguage":"es-ES","potentialAction":[{"@type":"ReadAction","target":["https:\/\/www.dreams-software.com\/sports-club-management\/"]}]},{"@type":"BreadcrumbList","@id":"https:\/\/www.dreams-software.com\/sports-club-management\/#breadcrumb","itemListElement":[{"@type":"ListItem","position":1,"name":"Accueil","item":"https:\/\/www.dreams-software.com\/"},{"@type":"ListItem","position":2,"name":"Sports Club Management"}]},{"@type":"WebSite","@id":"https:\/\/www.dreams-software.com\/#website","url":"https:\/\/www.dreams-software.com\/","name":"Dreams Software","description":"Logiciels pour club de sport","publisher":{"@id":"https:\/\/www.dreams-software.com\/#organization"},"potentialAction":[{"@type":"SearchAction","target":{"@type":"EntryPoint","urlTemplate":"https:\/\/www.dreams-software.com\/?s={search_term_string}"},"query-input":{"@type":"PropertyValueSpecification","valueRequired":true,"valueName":"search_term_string"}}],"inLanguage":"es-ES"},{"@type":"Organization","@id":"https:\/\/www.dreams-software.com\/#organization","name":"Dreams Software","url":"https:\/\/www.dreams-software.com\/","logo":{"@type":"ImageObject","inLanguage":"es-ES","@id":"https:\/\/www.dreams-software.com\/#\/schema\/logo\/image\/","url":"https:\/\/www.dreams-software.com\/wp-content\/uploads\/2019\/02\/dreams-software-logo-1502114604.png","contentUrl":"https:\/\/www.dreams-software.com\/wp-content\/uploads\/2019\/02\/dreams-software-logo-1502114604.png","width":167,"height":97,"caption":"Dreams Software"},"image":{"@id":"https:\/\/www.dreams-software.com\/#\/schema\/logo\/image\/"}}]}},"jetpack_sharing_enabled":true,"_links":{"self":[{"href":"https:\/\/www.dreams-software.com\/es\/wp-json\/wp\/v2\/pages\/2","targetHints":{"allow":["GET"]}}],"collection":[{"href":"https:\/\/www.dreams-software.com\/es\/wp-json\/wp\/v2\/pages"}],"about":[{"href":"https:\/\/www.dreams-software.com\/es\/wp-json\/wp\/v2\/types\/page"}],"author":[{"embeddable":true,"href":"https:\/\/www.dreams-software.com\/es\/wp-json\/wp\/v2\/users\/1"}],"replies":[{"embeddable":true,"href":"https:\/\/www.dreams-software.com\/es\/wp-json\/wp\/v2\/comments?post=2"}],"version-history":[{"count":310,"href":"https:\/\/www.dreams-software.com\/es\/wp-json\/wp\/v2\/pages\/2\/revisions"}],"predecessor-version":[{"id":187,"href":"https:\/\/www.dreams-software.com\/es\/wp-json\/wp\/v2\/pages\/2\/revisions\/187"}],"wp:attachment":[{"href":"https:\/\/www.dreams-software.com\/es\/wp-json\/wp\/v2\/media?parent=2"}],"curies":[{"name":"wp","href":"https:\/\/api.w.org\/{rel}","templated":true}]}}