{"id":26,"date":"2019-02-21T12:55:18","date_gmt":"2019-02-21T11:55:18","guid":{"rendered":"https:\/\/www.dreams-software.com\/?page_id=26"},"modified":"2022-09-08T21:07:59","modified_gmt":"2022-09-08T19:07:59","slug":"accueil","status":"publish","type":"page","link":"https:\/\/www.dreams-software.com\/es\/","title":{"rendered":"Bienvenida"},"content":{"rendered":"<div id=\"pl-26\"  class=\"panel-layout\" ><div id=\"pg-26-0\"  class=\"panel-grid panel-no-style\" ><div id=\"pgc-26-0-0\"  class=\"panel-grid-cell\" ><div id=\"panel-26-0-0-0\" class=\"so-panel widget widget_sow-editor panel-first-child\" data-index=\"0\" ><div\n\t\t\t\n\t\t\tclass=\"so-widget-sow-editor so-widget-sow-editor-base\"\n\t\t\t\n\t\t>\n<div class=\"siteorigin-widget-tinymce textwidget\">\n\t<h1 style=\"text-align: center;\">Software de gesti\u00f3n para clubes deportivos y asociaciones deportivas<\/h1>\n<p style=\"text-align: center;\">Sports Club Management es un software que te permite deshacerte de todas las tareas administrativas relacionadas con tu actividad..<br \/>\nManeja inscripciones en l\u00ednea, pago con tarjeta de cr\u00e9dito, contabilidad, gastos, cursos, calificaciones, t\u00e9cnicas impartidas y mucho m\u00e1s.<\/p>\n<p style=\"text-align: center;\"><strong>Est\u00e1 instalado en su sitio web<\/strong>: \u00a1sus datos est\u00e1n <span style=\"text-decoration: underline;\">alojados en sus instalaciones<\/span> y <span style=\"text-decoration: underline;\">nadie m\u00e1s que usted puede acceder a ellos<\/span>!<\/p>\n<\/div>\n<\/div><\/div><div id=\"panel-26-0-0-1\" class=\"so-panel widget widget_metaslider_widget panel-last-child\" data-index=\"1\" ><div id=\"metaslider-id-99\" style=\"max-width: 1440px;\" class=\"ml-slider-3-108-0 metaslider metaslider-flex metaslider-99 ml-slider has-dots-nav ms-theme-default\" role=\"region\" aria-label=\"Slide Accueil\" data-height=\"450\" data-width=\"1440\">\n    <div id=\"metaslider_container_99\">\n        <div id=\"metaslider_99\">\n            <ul class='slides'>\n                <li style=\"display: block; width: 100%;\" class=\"slide-102 ms-image \" aria-roledescription=\"slide\" data-date=\"2019-02-22 13:30:14\" data-filename=\"8bf2e1523919ffc6d2840f3dfcdbd6aa3aa1e193_logiciel-gestion-association-sportive-1-1110x346.jpg\" data-slide-type=\"image\"><a href=\"https:\/\/www.dreams-software.com\/fr\/sports-club-management\/\" target=\"_self\" aria-label=\"Ver detalles de la diapositiva\" class=\"metaslider_image_link\"><img loading=\"lazy\" decoding=\"async\" src=\"https:\/\/www.dreams-software.com\/wp-content\/uploads\/2019\/02\/8bf2e1523919ffc6d2840f3dfcdbd6aa3aa1e193_logiciel-gestion-association-sportive-1-1110x346.jpg\" height=\"450\" width=\"1440\" alt=\"logiciel gestion club sportif 1\" class=\"slider-99 slide-102 msDefaultImage\" title=\"logiciel gestion association sportive 1\" \/><\/a><\/li>\n                <li style=\"display: none; width: 100%;\" class=\"slide-510 ms-image \" aria-roledescription=\"slide\" data-date=\"2019-06-11 18:13:11\" data-filename=\"logiciel-club-de-sport-slide-2-1110x346.jpg\" data-slide-type=\"image\"><a href=\"https:\/\/www.dreams-software.com\/fr\/sports-club-management\/\" target=\"_self\" aria-label=\"Ver detalles de la diapositiva\" class=\"metaslider_image_link\"><img loading=\"lazy\" decoding=\"async\" src=\"https:\/\/www.dreams-software.com\/wp-content\/uploads\/2019\/06\/logiciel-club-de-sport-slide-2-1110x346.jpg\" height=\"450\" width=\"1440\" alt=\"logiciel gestion club sportif 2\" class=\"slider-99 slide-510 msDefaultImage\" title=\"logiciel gestion association sportive 2\" \/><\/a><\/li>\n                <li style=\"display: none; width: 100%;\" class=\"slide-511 ms-image \" aria-roledescription=\"slide\" data-date=\"2019-06-11 18:13:27\" data-filename=\"logiciel-club-de-sport-slide-3-1110x346.jpg\" data-slide-type=\"image\"><a href=\"https:\/\/www.dreams-software.com\/fr\/sports-club-management\/\" target=\"_self\" aria-label=\"Ver detalles de la diapositiva\" class=\"metaslider_image_link\"><img loading=\"lazy\" decoding=\"async\" src=\"https:\/\/www.dreams-software.com\/wp-content\/uploads\/2019\/06\/logiciel-club-de-sport-slide-3-1110x346.jpg\" height=\"450\" width=\"1440\" alt=\"logiciel gestion club de sport 3\" class=\"slider-99 slide-511 msDefaultImage\" title=\"logiciel gestion association sportive 3\" \/><\/a><\/li>\n                <li style=\"display: none; width: 100%;\" class=\"slide-512 ms-image \" aria-roledescription=\"slide\" data-date=\"2019-06-11 18:13:37\" data-filename=\"logiciel-club-de-sport-slide-4-1110x346.jpg\" data-slide-type=\"image\"><a href=\"https:\/\/www.dreams-software.com\/fr\/sports-club-management\/\" target=\"_self\" aria-label=\"Ver detalles de la diapositiva\" class=\"metaslider_image_link\"><img loading=\"lazy\" decoding=\"async\" src=\"https:\/\/www.dreams-software.com\/wp-content\/uploads\/2019\/06\/logiciel-club-de-sport-slide-4-1110x346.jpg\" height=\"450\" width=\"1440\" alt=\"logiciel gestion club de sport 4\" class=\"slider-99 slide-512 msDefaultImage\" title=\"logiciel gestion association sportive 4\" \/><\/a><\/li>\n                <li style=\"display: none; width: 100%;\" class=\"slide-513 ms-image \" aria-roledescription=\"slide\" data-date=\"2019-06-11 18:13:46\" data-filename=\"logiciel-club-de-sport-slide-5-1110x346.jpg\" data-slide-type=\"image\"><a href=\"https:\/\/www.dreams-software.com\/fr\/sports-club-management\/\" target=\"_self\" aria-label=\"Ver detalles de la diapositiva\" class=\"metaslider_image_link\"><img loading=\"lazy\" decoding=\"async\" src=\"https:\/\/www.dreams-software.com\/wp-content\/uploads\/2019\/06\/logiciel-club-de-sport-slide-5-1110x346.jpg\" height=\"450\" width=\"1440\" alt=\"logiciel gestion club de sport 5\" class=\"slider-99 slide-513 msDefaultImage\" title=\"logiciel gestion association sportive 5\" \/><\/a><\/li>\n            <\/ul>\n        <\/div>\n        \n    <\/div>\n<\/div><\/div><\/div><\/div><div id=\"pg-26-1\"  class=\"panel-grid panel-no-style\" ><div id=\"pgc-26-1-0\"  class=\"panel-grid-cell\" ><div id=\"panel-26-1-0-0\" class=\"so-panel widget widget_sow-editor panel-first-child panel-last-child\" data-index=\"2\" ><div\n\t\t\t\n\t\t\tclass=\"so-widget-sow-editor so-widget-sow-editor-base\"\n\t\t\t\n\t\t><h3 class=\"widget-title\">El software de gesti\u00f3n para Asociaciones Deportivas<\/h3>\n<div class=\"siteorigin-widget-tinymce textwidget\">\n\t<div class=\"myMainTable\">\n<div class=\"myInnertable\">\n<i class=\"fas fa-cog fa-spin\" aria-hidden=\"true\"><\/i>&nbsp; &nbsp; Soluci\u00f3n de gesti\u00f3n dedicada a asociaciones deportivas<br \/>\n<i class=\"fas fa-cog fa-spin\" aria-hidden=\"true\"><\/i>&nbsp; &nbsp; Gesti\u00f3n deportiva multitemporada<br \/>\n<i class=\"fas fa-cog fa-spin\" aria-hidden=\"true\"><\/i>&nbsp; &nbsp; Gesti\u00f3n contable simplificada<br \/>\n<i class=\"fas fa-cog fa-spin\" aria-hidden=\"true\"><\/i>&nbsp; &nbsp; F\u00e1cil gesti\u00f3n del horario multiactividad (cursos\/locales\/instructores)<br \/>\n<i class=\"fas fa-cog fa-spin\" aria-hidden=\"true\"><\/i>&nbsp; &nbsp; Completa gesti\u00f3n personalizable de miembros (archivos\/formularios)<br \/>\n<i class=\"fas fa-cog fa-spin\" aria-hidden=\"true\"><\/i>&nbsp; &nbsp; Gesti\u00f3n integrada y adaptativa de las cuotas de suscripci\u00f3n anuales y mensuales (criterios personalizables)<br \/>\n<i class=\"fas fa-cog fa-spin\" aria-hidden=\"true\"><\/i>&nbsp; &nbsp; Formulario de registro de miembros (integrable en su sitio web)<br \/>\n<i class=\"fas fa-cog fa-spin\" aria-hidden=\"true\"><\/i>&nbsp; &nbsp; Gesti\u00f3n contable automatizada de los afiliados y visualizaci\u00f3n r\u00e1pida de las declaraciones de cotizaci\u00f3n<br \/>\n<i class=\"fas fa-cog fa-spin\" aria-hidden=\"true\"><\/i>&nbsp; &nbsp; Gesti\u00f3n avanzada del programa de cada curso (niveles, t\u00e9cnicas, etc.)<br \/>\n<i class=\"fas fa-cog fa-spin\" aria-hidden=\"true\"><\/i>&nbsp; &nbsp; Copia de seguridad y protecci\u00f3n de su informaci\u00f3n confidencial<br \/>\n<i class=\"fas fa-cog fa-spin\" aria-hidden=\"true\"><\/i>&nbsp; &nbsp; Importaci\u00f3n\/Exportaci\u00f3n de sus datos<br \/>\n<i class=\"fas fa-cog fa-spin\" aria-hidden=\"true\"><\/i>&nbsp; &nbsp; Compatible con todos los sitios web<br \/>\n<i class=\"fas fa-cog fa-spin\" aria-hidden=\"true\"><\/i>&nbsp; &nbsp; M\u00e1s caracter\u00edsticas por venir...<br \/>\n&nbsp;\n<\/div>\n<\/div>\n<\/div>\n<\/div><\/div><\/div><div id=\"pgc-26-1-1\"  class=\"panel-grid-cell\" ><div id=\"panel-26-1-1-0\" class=\"so-panel widget widget_sow-editor panel-first-child\" data-index=\"3\" ><div\n\t\t\t\n\t\t\tclass=\"so-widget-sow-editor so-widget-sow-editor-base\"\n\t\t\t\n\t\t>\n<div class=\"siteorigin-widget-tinymce textwidget\">\n\t<div style=\"text-align: center;\"><div class=\"sdm_download_button_box_default\"><div class=\"sdm_download_link\"><a href=\"https:\/\/www.dreams-software.com\/?sdm_process_download=1&download_id=475\" class=\"sdm_download darkblue\" title=\"SPORTS CLUB MANAGEMENT\" >Essayer gratuitement \/ Try for free<\/a><\/div><\/div><\/div>\n<\/div>\n<\/div><\/div><div id=\"panel-26-1-1-1\" class=\"so-panel widget widget_sow-image\" data-index=\"4\" ><div\n\t\t\t\n\t\t\tclass=\"so-widget-sow-image so-widget-sow-image-default-a258e6bfa2d8-26\"\n\t\t\t\n\t\t>\n<div class=\"sow-image-container\">\n\t\t<img \n\tsrc=\"https:\/\/www.dreams-software.com\/wp-content\/uploads\/2019\/06\/logiciels-scm.png\" width=\"1800\" height=\"600\" srcset=\"https:\/\/www.dreams-software.com\/wp-content\/uploads\/2019\/06\/logiciels-scm.png 1800w, https:\/\/www.dreams-software.com\/wp-content\/uploads\/2019\/06\/logiciels-scm-300x100.png 300w, https:\/\/www.dreams-software.com\/wp-content\/uploads\/2019\/06\/logiciels-scm-768x256.png 768w, https:\/\/www.dreams-software.com\/wp-content\/uploads\/2019\/06\/logiciels-scm-1024x341.png 1024w, https:\/\/www.dreams-software.com\/wp-content\/uploads\/2019\/06\/logiciels-scm-600x200.png 600w\" sizes=\"(max-width: 1800px) 100vw, 1800px\" title=\"logiciel club de sport\" alt=\"\" \t\tclass=\"so-widget-image\"\/>\n\t<\/div>\n\n<\/div><\/div><div id=\"panel-26-1-1-2\" class=\"so-panel widget widget_sow-editor panel-last-child\" data-index=\"5\" ><div\n\t\t\t\n\t\t\tclass=\"so-widget-sow-editor so-widget-sow-editor-base\"\n\t\t\t\n\t\t>\n<div class=\"siteorigin-widget-tinymce textwidget\">\n\t<div style=\"text-align: center;\"><div class=\"sdm_download_button_box_default\"><div class=\"sdm_download_link\"><a href=\"https:\/\/www.dreams-software.com\/?sdm_process_download=1&download_id=475\" class=\"sdm_download darkblue\" title=\"SPORTS CLUB MANAGEMENT\" >Essayer gratuitement \/ Try for free<\/a><\/div><\/div><\/div>\n<\/div>\n<\/div><\/div><\/div><\/div><\/div>","protected":false},"excerpt":{"rendered":"<p>Software de gesti\u00f3n para clubes deportivos y asociaciones deportivas Sports Club Management es un software que te permite deshacerte de todas las tareas administrativas relacionadas con tu actividad.. Maneja inscripciones en l\u00ednea, pago con tarjeta de cr\u00e9dito, contabilidad, gastos, cursos, calificaciones, t\u00e9cnicas impartidas y mucho m\u00e1s. Est\u00e1 instalado en su sitio web: \u00a1sus datos est\u00e1n&hellip;&nbsp;<a href=\"https:\/\/www.dreams-software.com\/es\/\" rel=\"bookmark\">Read More &raquo;<span class=\"screen-reader-text\">Bienvenida<\/span><\/a><\/p>\n","protected":false},"author":1,"featured_media":0,"parent":0,"menu_order":0,"comment_status":"closed","ping_status":"closed","template":"","meta":{"neve_meta_sidebar":"","neve_meta_container":"","neve_meta_enable_content_width":"off","neve_meta_content_width":100,"neve_meta_title_alignment":"","neve_meta_author_avatar":"","neve_post_elements_order":"","neve_meta_disable_header":"","neve_meta_disable_footer":"","neve_meta_disable_title":"","neve_meta_reading_time":"","footnotes":""},"class_list":["post-26","page","type-page","status-publish","hentry"],"yoast_head":"<!-- This site is optimized with the Yoast SEO plugin v27.2 - https:\/\/yoast.com\/product\/yoast-seo-wordpress\/ -->\n<title>Bienvenida<\/title>\n<meta name=\"description\" content=\"Logiciel de gestion pour club de sport \u00e0 installer sur son serveur, s&#039;occupant de tout l&#039;administratif d&#039;une association sportive.\" \/>\n<meta name=\"robots\" content=\"index, follow, max-snippet:-1, max-image-preview:large, max-video-preview:-1\" \/>\n<link rel=\"canonical\" href=\"https:\/\/www.dreams-software.com\/es\/\" \/>\n<meta property=\"og:locale\" content=\"es_ES\" \/>\n<meta property=\"og:locale:alternate\" content=\"fr_FR\" \/>\n<meta property=\"og:locale:alternate\" content=\"en_US\" \/>\n<meta property=\"og:locale:alternate\" content=\"de_DE\" \/>\n<meta property=\"og:type\" content=\"article\" \/>\n<meta property=\"og:title\" content=\"Bienvenida\" \/>\n<meta property=\"og:description\" content=\"Logiciel de gestion pour club de sport \u00e0 installer sur son serveur, s&#039;occupant de tout l&#039;administratif d&#039;une association sportive.\" \/>\n<meta property=\"og:url\" content=\"https:\/\/www.dreams-software.com\/es\/\" \/>\n<meta property=\"og:site_name\" content=\"Dreams Software\" \/>\n<meta property=\"article:modified_time\" content=\"2022-09-08T19:07:59+00:00\" \/>\n<meta name=\"twitter:card\" content=\"summary_large_image\" \/>\n<meta name=\"twitter:label1\" content=\"Est. reading time\" \/>\n\t<meta name=\"twitter:data1\" content=\"1 minute\" \/>\n<script type=\"application\/ld+json\" class=\"yoast-schema-graph\">{\"@context\":\"https:\/\/schema.org\",\"@graph\":[{\"@type\":\"WebPage\",\"@id\":\"https:\/\/www.dreams-software.com\/\",\"url\":\"https:\/\/www.dreams-software.com\/\",\"name\":\"Bienvenida\",\"isPartOf\":{\"@id\":\"https:\/\/www.dreams-software.com\/#website\"},\"datePublished\":\"2019-02-21T11:55:18+00:00\",\"dateModified\":\"2022-09-08T19:07:59+00:00\",\"description\":\"Logiciel de gestion pour club de sport \u00e0 installer sur son serveur, s'occupant de tout l'administratif d'une association sportive.\",\"breadcrumb\":{\"@id\":\"https:\/\/www.dreams-software.com\/#breadcrumb\"},\"inLanguage\":\"es-ES\",\"potentialAction\":[{\"@type\":\"ReadAction\",\"target\":[\"https:\/\/www.dreams-software.com\/\"]}]},{\"@type\":\"BreadcrumbList\",\"@id\":\"https:\/\/www.dreams-software.com\/#breadcrumb\",\"itemListElement\":[{\"@type\":\"ListItem\",\"position\":1,\"name\":\"Accueil\",\"item\":\"https:\/\/www.dreams-software.com\/\"},{\"@type\":\"ListItem\",\"position\":2,\"name\":\"Accueil\"}]},{\"@type\":\"WebSite\",\"@id\":\"https:\/\/www.dreams-software.com\/#website\",\"url\":\"https:\/\/www.dreams-software.com\/\",\"name\":\"Dreams Software\",\"description\":\"Logiciels pour club de sport\",\"publisher\":{\"@id\":\"https:\/\/www.dreams-software.com\/#organization\"},\"potentialAction\":[{\"@type\":\"SearchAction\",\"target\":{\"@type\":\"EntryPoint\",\"urlTemplate\":\"https:\/\/www.dreams-software.com\/?s={search_term_string}\"},\"query-input\":{\"@type\":\"PropertyValueSpecification\",\"valueRequired\":true,\"valueName\":\"search_term_string\"}}],\"inLanguage\":\"es-ES\"},{\"@type\":\"Organization\",\"@id\":\"https:\/\/www.dreams-software.com\/#organization\",\"name\":\"Dreams Software\",\"url\":\"https:\/\/www.dreams-software.com\/\",\"logo\":{\"@type\":\"ImageObject\",\"inLanguage\":\"es-ES\",\"@id\":\"https:\/\/www.dreams-software.com\/#\/schema\/logo\/image\/\",\"url\":\"https:\/\/www.dreams-software.com\/wp-content\/uploads\/2019\/02\/dreams-software-logo-1502114604.png\",\"contentUrl\":\"https:\/\/www.dreams-software.com\/wp-content\/uploads\/2019\/02\/dreams-software-logo-1502114604.png\",\"width\":167,\"height\":97,\"caption\":\"Dreams Software\"},\"image\":{\"@id\":\"https:\/\/www.dreams-software.com\/#\/schema\/logo\/image\/\"}}]}<\/script>\n<!-- \/ Yoast SEO plugin. -->","yoast_head_json":{"title":"Bienvenida","description":"Logiciel de gestion pour club de sport \u00e0 installer sur son serveur, s'occupant de tout l'administratif d'une association sportive.","robots":{"index":"index","follow":"follow","max-snippet":"max-snippet:-1","max-image-preview":"max-image-preview:large","max-video-preview":"max-video-preview:-1"},"canonical":"https:\/\/www.dreams-software.com\/es\/","og_locale":"es_ES","og_type":"article","og_title":"[:fr]Accueil[:en]Home[:es]Bienvenida[:de]Willkommen[:] - Dreams Software - Logiciel de gestion pour club de sport","og_description":"Logiciel de gestion pour club de sport \u00e0 installer sur son serveur, s'occupant de tout l'administratif d'une association sportive.","og_url":"https:\/\/www.dreams-software.com\/es\/","og_site_name":"Dreams Software","article_modified_time":"2022-09-08T19:07:59+00:00","twitter_card":"summary_large_image","twitter_misc":{"Est. reading time":"1 minute"},"schema":{"@context":"https:\/\/schema.org","@graph":[{"@type":"WebPage","@id":"https:\/\/www.dreams-software.com\/","url":"https:\/\/www.dreams-software.com\/","name":"Bienvenida","isPartOf":{"@id":"https:\/\/www.dreams-software.com\/#website"},"datePublished":"2019-02-21T11:55:18+00:00","dateModified":"2022-09-08T19:07:59+00:00","description":"Logiciel de gestion pour club de sport \u00e0 installer sur son serveur, s'occupant de tout l'administratif d'une association sportive.","breadcrumb":{"@id":"https:\/\/www.dreams-software.com\/#breadcrumb"},"inLanguage":"es-ES","potentialAction":[{"@type":"ReadAction","target":["https:\/\/www.dreams-software.com\/"]}]},{"@type":"BreadcrumbList","@id":"https:\/\/www.dreams-software.com\/#breadcrumb","itemListElement":[{"@type":"ListItem","position":1,"name":"Accueil","item":"https:\/\/www.dreams-software.com\/"},{"@type":"ListItem","position":2,"name":"Accueil"}]},{"@type":"WebSite","@id":"https:\/\/www.dreams-software.com\/#website","url":"https:\/\/www.dreams-software.com\/","name":"Dreams Software","description":"Logiciels pour club de sport","publisher":{"@id":"https:\/\/www.dreams-software.com\/#organization"},"potentialAction":[{"@type":"SearchAction","target":{"@type":"EntryPoint","urlTemplate":"https:\/\/www.dreams-software.com\/?s={search_term_string}"},"query-input":{"@type":"PropertyValueSpecification","valueRequired":true,"valueName":"search_term_string"}}],"inLanguage":"es-ES"},{"@type":"Organization","@id":"https:\/\/www.dreams-software.com\/#organization","name":"Dreams Software","url":"https:\/\/www.dreams-software.com\/","logo":{"@type":"ImageObject","inLanguage":"es-ES","@id":"https:\/\/www.dreams-software.com\/#\/schema\/logo\/image\/","url":"https:\/\/www.dreams-software.com\/wp-content\/uploads\/2019\/02\/dreams-software-logo-1502114604.png","contentUrl":"https:\/\/www.dreams-software.com\/wp-content\/uploads\/2019\/02\/dreams-software-logo-1502114604.png","width":167,"height":97,"caption":"Dreams Software"},"image":{"@id":"https:\/\/www.dreams-software.com\/#\/schema\/logo\/image\/"}}]}},"jetpack_sharing_enabled":true,"_links":{"self":[{"href":"https:\/\/www.dreams-software.com\/es\/wp-json\/wp\/v2\/pages\/26","targetHints":{"allow":["GET"]}}],"collection":[{"href":"https:\/\/www.dreams-software.com\/es\/wp-json\/wp\/v2\/pages"}],"about":[{"href":"https:\/\/www.dreams-software.com\/es\/wp-json\/wp\/v2\/types\/page"}],"author":[{"embeddable":true,"href":"https:\/\/www.dreams-software.com\/es\/wp-json\/wp\/v2\/users\/1"}],"replies":[{"embeddable":true,"href":"https:\/\/www.dreams-software.com\/es\/wp-json\/wp\/v2\/comments?post=26"}],"version-history":[{"count":101,"href":"https:\/\/www.dreams-software.com\/es\/wp-json\/wp\/v2\/pages\/26\/revisions"}],"predecessor-version":[{"id":476,"href":"https:\/\/www.dreams-software.com\/es\/wp-json\/wp\/v2\/pages\/26\/revisions\/476"}],"wp:attachment":[{"href":"https:\/\/www.dreams-software.com\/es\/wp-json\/wp\/v2\/media?parent=26"}],"curies":[{"name":"wp","href":"https:\/\/api.w.org\/{rel}","templated":true}]}}