{"id":43,"date":"2019-02-21T14:26:10","date_gmt":"2019-02-21T13:26:10","guid":{"rendered":"https:\/\/www.dreams-software.com\/fr\/?page_id=43"},"modified":"2019-06-28T18:43:55","modified_gmt":"2019-06-28T16:43:55","slug":"faq","status":"publish","type":"page","link":"https:\/\/www.dreams-software.com\/es\/faq\/","title":{"rendered":"FAQ"},"content":{"rendered":"<div class=\"wpb-content-wrapper\"><p>[vc_row][vc_column][vc_column_text]<\/p>\n<h1 style=\"text-align: center;\"><strong>FAQ : Questions les plus fr\u00e9quemment pos\u00e9es<\/strong><\/h1>\n<p>[\/vc_column_text][vc_column_text]<\/p>\n<h2 style=\"text-align: center;\">Logiciel de gestion pour association sportive<\/h2>\n<p>[\/vc_column_text][\/vc_column][\/vc_row][vc_row][vc_column width=&#8221;1\/2&#8243;][vc_column_text]<\/p>\n<h2 style=\"text-align: center;\"><strong>Installation Sports Club Management<\/strong><\/h2>\n<p>[\/vc_column_text][vc_toggle title=&#8221;Comment installer Sports Club Management ?&#8221; color=&#8221;grey&#8221; size=&#8221;lg&#8221; css=&#8221;.vc_custom_1551089977658{margin-bottom: 5px !important;border-top-width: 1px !important;border-right-width: 1px !important;border-bottom-width: 1px !important;border-left-width: 1px !important;padding-top: 5px !important;padding-right: 5px !important;padding-bottom: 5px !important;padding-left: 5px !important;background-color: #ffffff !important;border-left-color: #aaaaaa !important;border-left-style: solid !important;border-right-color: #aaaaaa !important;border-right-style: solid !important;border-top-color: #aaaaaa !important;border-top-style: solid !important;border-bottom-color: #aaaaaa !important;border-bottom-style: solid !important;border-radius: 5px !important;}&#8221;]Pour installer le logiciel &#8220;Sports Club Management&#8221;, il suffit simplement de le t\u00e9l\u00e9charger, le d\u00e9compresser et d&#8217;uploader le r\u00e9pertoire SCM \u00e0 la racine de votre serveur.<\/p>\n<p>Vous devez \u00e9galement installer &#8220;<a href=\"http:\/\/www.ioncube.com\/loaders.php\" target=\"_blank\" rel=\"noopener noreferrer\">ioncube<\/a>&#8221; gratuitement.<\/p>\n<p>Votre logiciel sera alors pleinement fonctionnel, et vous pourrez alors le tester gratuitement sans licence, mais de fa\u00e7on limit\u00e9e en nombre d&#8217;adh\u00e9rents.[\/vc_toggle][vc_toggle title=&#8221;Pourquoi dois-je installer &#8220;ioncube&#8220; ?&#8221; color=&#8221;grey&#8221; size=&#8221;lg&#8221; css=&#8221;.vc_custom_1551089581704{margin-bottom: 5px !important;border-top-width: 1px !important;border-right-width: 1px !important;border-bottom-width: 1px !important;border-left-width: 1px !important;padding-top: 5px !important;padding-right: 5px !important;padding-bottom: 5px !important;padding-left: 5px !important;background-color: #ffffff !important;border-left-color: #aaaaaa !important;border-left-style: solid !important;border-right-color: #aaaaaa !important;border-right-style: solid !important;border-top-color: #aaaaaa !important;border-top-style: solid !important;border-bottom-color: #aaaaaa !important;border-bottom-style: solid !important;border-radius: 5px !important;}&#8221;]Nous prot\u00e9geons le code source de nos logiciels par un syst\u00e8me de cryptage bas\u00e9 sur la technologie &#8220;<a href=\"http:\/\/www.ioncube.com\/loaders.php\" target=\"_blank\" rel=\"noopener noreferrer\">ioncube<\/a>&#8220;.<\/p>\n<p>L&#8217;installation est gratuite et compatible avec la quasi totalit\u00e9 des h\u00e9bergeurs.<\/p>\n<p>N&#8217;h\u00e9sitez pas \u00e0 vous faire aider en cas de probl\u00e8me avec son utilisation.[\/vc_toggle][vc_toggle title=&#8221;Comment installer &#8220;ioncube&#8220; ?&#8221; color=&#8221;grey&#8221; size=&#8221;lg&#8221; css=&#8221;.vc_custom_1551090023333{margin-bottom: 5px !important;border-top-width: 1px !important;border-right-width: 1px !important;border-bottom-width: 1px !important;border-left-width: 1px !important;padding-top: 5px !important;padding-right: 5px !important;padding-bottom: 5px !important;padding-left: 5px !important;background-color: #ffffff !important;border-left-color: #aaaaaa !important;border-left-style: solid !important;border-right-color: #aaaaaa !important;border-right-style: solid !important;border-top-color: #aaaaaa !important;border-top-style: solid !important;border-bottom-color: #aaaaaa !important;border-bottom-style: solid !important;border-radius: 5px !important;}&#8221;]Cela d\u00e9pend de votre h\u00e9bergement.<\/p>\n<p>Si vous disposez d&#8217;un serveur d\u00e9di\u00e9, il vous faut installer les loaders ioncube en fonction de l&#8217;OS de votre serveur.\u00a0Vous trouverez tous les loaders ici : <a href=\"http:\/\/www.ioncube.com\/loaders.php\" target=\"_blank\" rel=\"noopener noreferrer\">ioncube loaders<\/a><\/p>\n<p>Si vous \u00eates en h\u00e9bergement mutualis\u00e9, vous devez demander \u00e0 votre h\u00e9bergeur comment activer ioncube. La plupart des h\u00e9bergeurs int\u00e8grent en standard la technologie ioncube.<\/p>\n<p>N&#8217;h\u00e9sitez pas \u00e0 vous faire un retour en cas de probl\u00e8me avec votre h\u00e9bergeur.[\/vc_toggle][\/vc_column][vc_column width=&#8221;1\/2&#8243;][vc_column_text]<\/p>\n<h2 style=\"text-align: center;\"><strong>Fonctionnement Sports Club Management<\/strong><\/h2>\n<p>[\/vc_column_text][vc_toggle title=&#8221;Suis-je oblig\u00e9 d&#8217;acheter une licence ?&#8221; color=&#8221;grey&#8221; size=&#8221;lg&#8221; css=&#8221;.vc_custom_1561739516120{margin-bottom: 5px !important;border-top-width: 1px !important;border-right-width: 1px !important;border-bottom-width: 1px !important;border-left-width: 1px !important;padding-top: 5px !important;padding-right: 5px !important;padding-bottom: 5px !important;padding-left: 5px !important;background-color: #ffffff !important;border-left-color: #aaaaaa !important;border-left-style: solid !important;border-right-color: #aaaaaa !important;border-right-style: solid !important;border-top-color: #aaaaaa !important;border-top-style: solid !important;border-bottom-color: #aaaaaa !important;border-bottom-style: solid !important;border-radius: 5px !important;}&#8221;]Nous permettons \u00e0 tous les clubs de sport de tester gratuitement notre logiciel &#8220;Sports Club Management&#8221; sans cl\u00e9 de licence. Il est <a href=\"https:\/\/www.dreams-software.com\/?smd_process_download=1&#038;download_id=475\">t\u00e9l\u00e9chargeable<\/a> gratuitement.<\/p>\n<p>Cependant, serez limit\u00e9 \u00e0 5 membres maximum, mais sans aucune restriction sur les fonctionnalit\u00e9s du logiciel.<\/p>\n<p>Vous pouvez donc tester pleinement ses fonctionnalit\u00e9s de gestion d&#8217;association sportive et le gain de temps qu&#8217;il fera gagner \u00e0 tout responsable de club.<\/p>\n<p>Pour en profiter sans limitation, il faudra acheter une <a href=\"https:\/\/www.dreams-software.com\/fr\/produit\/licence-sports-club-managment\/\" target=\"_blank\" rel=\"noopener noreferrer\">licence<\/a> pour d\u00e9bloquer le logiciel aux nombres d&#8217;adh\u00e9rents maximum choisis en fonction de la taille de votre association sportive.[\/vc_toggle][vc_toggle title=&#8221;J&#8217;ai des message d&#8217;erreur concernant la saison en cours ?&#8221; color=&#8221;grey&#8221; size=&#8221;lg&#8221; css=&#8221;.vc_custom_1561740236298{margin-bottom: 5px !important;border-top-width: 1px !important;border-right-width: 1px !important;border-bottom-width: 1px !important;border-left-width: 1px !important;padding-top: 5px !important;padding-right: 5px !important;padding-bottom: 5px !important;padding-left: 5px !important;background-color: #ffffff !important;border-left-color: #aaaaaa !important;border-left-style: solid !important;border-right-color: #aaaaaa !important;border-right-style: solid !important;border-top-color: #aaaaaa !important;border-top-style: solid !important;border-bottom-color: #aaaaaa !important;border-bottom-style: solid !important;border-radius: 5px !important;}&#8221;]&#8221;Sports Club Management&#8221; fonctionne &#8211; comme toutes les associations sportives &#8211; par saison.<\/p>\n<p>Il est donc indispensable \u00e0 son bon fonctionnement de cr\u00e9er au pr\u00e9alable votre 1<sup>\u00e8re<\/sup> saison.<\/p>\n<p><a href=\"https:\/\/www.dreams-software.com\/wp-content\/uploads\/2019\/06\/Saison-Sports-Club-Management.png\"><img loading=\"lazy\" decoding=\"async\" class=\"size-thumbnail wp-image-953 alignleft\" src=\"https:\/\/www.dreams-software.com\/wp-content\/uploads\/2019\/06\/Saison-Sports-Club-Management-150x150.png\" alt=\"Cr\u00e9er une saison sportive \u00e0 votre association\" width=\"150\" height=\"150\" srcset=\"https:\/\/www.dreams-software.com\/wp-content\/uploads\/2019\/06\/Saison-Sports-Club-Management-150x150.png 150w, https:\/\/www.dreams-software.com\/wp-content\/uploads\/2019\/06\/Saison-Sports-Club-Management-300x300.png 300w, https:\/\/www.dreams-software.com\/wp-content\/uploads\/2019\/06\/Saison-Sports-Club-Management-100x100.png 100w\" sizes=\"auto, (max-width: 150px) 100vw, 150px\" \/><\/a>Tout le contenu de notre logiciel de gestion d&#8217;association sportive (cotisations des membres, comptabilit\u00e9, cours, etc.) \u00a0est reli\u00e9 \u00e0 chaque saison.<\/p>\n<p>La date de fin d&#8217;inscription sert de date de bascule sur la saison suivante : Les membres inscrits \u00e0 partir de cette date seront inscrits sur la saison suivante.[\/vc_toggle][\/vc_column][\/vc_row]<\/p>\n<\/div>","protected":false},"excerpt":{"rendered":"<p>[vc_row][vc_column][vc_column_text] FAQ : Questions les plus fr\u00e9quemment pos\u00e9es [\/vc_column_text][vc_column_text] Logiciel de gestion pour association sportive [\/vc_column_text][\/vc_column][\/vc_row][vc_row][vc_column width=&#8221;1\/2&#8243;][vc_column_text] Installation Sports Club Management [\/vc_column_text][vc_toggle title=&#8221;Comment installer Sports Club Management ?&#8221; color=&#8221;grey&#8221; size=&#8221;lg&#8221; css=&#8221;.vc_custom_1551089977658{margin-bottom: 5px !important;border-top-width: 1px !important;border-right-width: 1px !important;border-bottom-width: 1px !important;border-left-width: 1px !important;padding-top: 5px !important;padding-right: 5px !important;padding-bottom: 5px !important;padding-left: 5px !important;background-color: #ffffff !important;border-left-color: #aaaaaa !important;border-left-style: solid !important;border-right-color:&hellip;&nbsp;<a href=\"https:\/\/www.dreams-software.com\/es\/faq\/\" rel=\"bookmark\">Read More &raquo;<span class=\"screen-reader-text\">FAQ<\/span><\/a><\/p>\n","protected":false},"author":1,"featured_media":0,"parent":0,"menu_order":0,"comment_status":"closed","ping_status":"closed","template":"","meta":{"neve_meta_sidebar":"","neve_meta_container":"","neve_meta_enable_content_width":"","neve_meta_content_width":0,"neve_meta_title_alignment":"","neve_meta_author_avatar":"","neve_post_elements_order":"","neve_meta_disable_header":"","neve_meta_disable_footer":"","neve_meta_disable_title":"","neve_meta_reading_time":"","footnotes":""},"class_list":["post-43","page","type-page","status-publish","hentry"],"yoast_head":"<!-- This site is optimized with the Yoast SEO plugin v27.2 - https:\/\/yoast.com\/product\/yoast-seo-wordpress\/ -->\n<title>FAQ<\/title>\n<meta name=\"description\" content=\"Foire aux questions sur le logiciel Sports Club Management destin\u00e9 \u00e0 la gestion administrative et sportive d&#039;associations sportives ou club de sport\" \/>\n<meta name=\"robots\" content=\"index, follow, max-snippet:-1, max-image-preview:large, max-video-preview:-1\" \/>\n<link rel=\"canonical\" href=\"https:\/\/www.dreams-software.com\/es\/faq\/\" \/>\n<meta property=\"og:locale\" content=\"es_ES\" \/>\n<meta property=\"og:locale:alternate\" content=\"fr_FR\" \/>\n<meta property=\"og:locale:alternate\" content=\"en_US\" \/>\n<meta property=\"og:locale:alternate\" content=\"de_DE\" \/>\n<meta property=\"og:type\" content=\"article\" \/>\n<meta property=\"og:title\" content=\"FAQ\" \/>\n<meta property=\"og:description\" content=\"Foire aux questions sur le logiciel Sports Club Management destin\u00e9 \u00e0 la gestion administrative et sportive d&#039;associations sportives ou club de sport\" \/>\n<meta property=\"og:url\" content=\"https:\/\/www.dreams-software.com\/es\/faq\/\" \/>\n<meta property=\"og:site_name\" content=\"Dreams Software\" \/>\n<meta property=\"article:modified_time\" content=\"2019-06-28T16:43:55+00:00\" \/>\n<meta property=\"og:image\" content=\"https:\/\/www.dreams-software.com\/wp-content\/uploads\/2019\/06\/Saison-Sports-Club-Management-150x150.png\" \/>\n<meta name=\"twitter:card\" content=\"summary_large_image\" \/>\n<meta name=\"twitter:label1\" content=\"Est. reading time\" \/>\n\t<meta name=\"twitter:data1\" content=\"4 minutes\" \/>\n<script type=\"application\/ld+json\" class=\"yoast-schema-graph\">{\"@context\":\"https:\/\/schema.org\",\"@graph\":[{\"@type\":\"WebPage\",\"@id\":\"https:\/\/www.dreams-software.com\/faq\/\",\"url\":\"https:\/\/www.dreams-software.com\/faq\/\",\"name\":\"FAQ\",\"isPartOf\":{\"@id\":\"https:\/\/www.dreams-software.com\/#website\"},\"primaryImageOfPage\":{\"@id\":\"https:\/\/www.dreams-software.com\/faq\/#primaryimage\"},\"image\":{\"@id\":\"https:\/\/www.dreams-software.com\/faq\/#primaryimage\"},\"thumbnailUrl\":\"https:\/\/www.dreams-software.com\/wp-content\/uploads\/2019\/06\/Saison-Sports-Club-Management-150x150.png\",\"datePublished\":\"2019-02-21T13:26:10+00:00\",\"dateModified\":\"2019-06-28T16:43:55+00:00\",\"description\":\"Foire aux questions sur le logiciel Sports Club Management destin\u00e9 \u00e0 la gestion administrative et sportive d'associations sportives ou club de sport\",\"breadcrumb\":{\"@id\":\"https:\/\/www.dreams-software.com\/faq\/#breadcrumb\"},\"inLanguage\":\"es-ES\",\"potentialAction\":[{\"@type\":\"ReadAction\",\"target\":[\"https:\/\/www.dreams-software.com\/faq\/\"]}]},{\"@type\":\"ImageObject\",\"inLanguage\":\"es-ES\",\"@id\":\"https:\/\/www.dreams-software.com\/faq\/#primaryimage\",\"url\":\"https:\/\/www.dreams-software.com\/wp-content\/uploads\/2019\/06\/Saison-Sports-Club-Management-150x150.png\",\"contentUrl\":\"https:\/\/www.dreams-software.com\/wp-content\/uploads\/2019\/06\/Saison-Sports-Club-Management-150x150.png\"},{\"@type\":\"BreadcrumbList\",\"@id\":\"https:\/\/www.dreams-software.com\/faq\/#breadcrumb\",\"itemListElement\":[{\"@type\":\"ListItem\",\"position\":1,\"name\":\"Accueil\",\"item\":\"https:\/\/www.dreams-software.com\/\"},{\"@type\":\"ListItem\",\"position\":2,\"name\":\"FAQ\"}]},{\"@type\":\"WebSite\",\"@id\":\"https:\/\/www.dreams-software.com\/#website\",\"url\":\"https:\/\/www.dreams-software.com\/\",\"name\":\"Dreams Software\",\"description\":\"Logiciels pour club de sport\",\"publisher\":{\"@id\":\"https:\/\/www.dreams-software.com\/#organization\"},\"potentialAction\":[{\"@type\":\"SearchAction\",\"target\":{\"@type\":\"EntryPoint\",\"urlTemplate\":\"https:\/\/www.dreams-software.com\/?s={search_term_string}\"},\"query-input\":{\"@type\":\"PropertyValueSpecification\",\"valueRequired\":true,\"valueName\":\"search_term_string\"}}],\"inLanguage\":\"es-ES\"},{\"@type\":\"Organization\",\"@id\":\"https:\/\/www.dreams-software.com\/#organization\",\"name\":\"Dreams Software\",\"url\":\"https:\/\/www.dreams-software.com\/\",\"logo\":{\"@type\":\"ImageObject\",\"inLanguage\":\"es-ES\",\"@id\":\"https:\/\/www.dreams-software.com\/#\/schema\/logo\/image\/\",\"url\":\"https:\/\/www.dreams-software.com\/wp-content\/uploads\/2019\/02\/dreams-software-logo-1502114604.png\",\"contentUrl\":\"https:\/\/www.dreams-software.com\/wp-content\/uploads\/2019\/02\/dreams-software-logo-1502114604.png\",\"width\":167,\"height\":97,\"caption\":\"Dreams Software\"},\"image\":{\"@id\":\"https:\/\/www.dreams-software.com\/#\/schema\/logo\/image\/\"}}]}<\/script>\n<!-- \/ Yoast SEO plugin. -->","yoast_head_json":{"title":"FAQ","description":"Foire aux questions sur le logiciel Sports Club Management destin\u00e9 \u00e0 la gestion administrative et sportive d'associations sportives ou club de sport","robots":{"index":"index","follow":"follow","max-snippet":"max-snippet:-1","max-image-preview":"max-image-preview:large","max-video-preview":"max-video-preview:-1"},"canonical":"https:\/\/www.dreams-software.com\/es\/faq\/","og_locale":"es_ES","og_type":"article","og_title":"Dreams Software - [:fr]FAQ[:en]FAQ[:] - Logiciel de gestion d'association sportive","og_description":"Foire aux questions sur le logiciel Sports Club Management destin\u00e9 \u00e0 la gestion administrative et sportive d'associations sportives ou club de sport","og_url":"https:\/\/www.dreams-software.com\/es\/faq\/","og_site_name":"Dreams Software","article_modified_time":"2019-06-28T16:43:55+00:00","og_image":[{"url":"https:\/\/www.dreams-software.com\/wp-content\/uploads\/2019\/06\/Saison-Sports-Club-Management-150x150.png","type":"","width":"","height":""}],"twitter_card":"summary_large_image","twitter_misc":{"Est. reading time":"4 minutes"},"schema":{"@context":"https:\/\/schema.org","@graph":[{"@type":"WebPage","@id":"https:\/\/www.dreams-software.com\/faq\/","url":"https:\/\/www.dreams-software.com\/faq\/","name":"FAQ","isPartOf":{"@id":"https:\/\/www.dreams-software.com\/#website"},"primaryImageOfPage":{"@id":"https:\/\/www.dreams-software.com\/faq\/#primaryimage"},"image":{"@id":"https:\/\/www.dreams-software.com\/faq\/#primaryimage"},"thumbnailUrl":"https:\/\/www.dreams-software.com\/wp-content\/uploads\/2019\/06\/Saison-Sports-Club-Management-150x150.png","datePublished":"2019-02-21T13:26:10+00:00","dateModified":"2019-06-28T16:43:55+00:00","description":"Foire aux questions sur le logiciel Sports Club Management destin\u00e9 \u00e0 la gestion administrative et sportive d'associations sportives ou club de sport","breadcrumb":{"@id":"https:\/\/www.dreams-software.com\/faq\/#breadcrumb"},"inLanguage":"es-ES","potentialAction":[{"@type":"ReadAction","target":["https:\/\/www.dreams-software.com\/faq\/"]}]},{"@type":"ImageObject","inLanguage":"es-ES","@id":"https:\/\/www.dreams-software.com\/faq\/#primaryimage","url":"https:\/\/www.dreams-software.com\/wp-content\/uploads\/2019\/06\/Saison-Sports-Club-Management-150x150.png","contentUrl":"https:\/\/www.dreams-software.com\/wp-content\/uploads\/2019\/06\/Saison-Sports-Club-Management-150x150.png"},{"@type":"BreadcrumbList","@id":"https:\/\/www.dreams-software.com\/faq\/#breadcrumb","itemListElement":[{"@type":"ListItem","position":1,"name":"Accueil","item":"https:\/\/www.dreams-software.com\/"},{"@type":"ListItem","position":2,"name":"FAQ"}]},{"@type":"WebSite","@id":"https:\/\/www.dreams-software.com\/#website","url":"https:\/\/www.dreams-software.com\/","name":"Dreams Software","description":"Logiciels pour club de sport","publisher":{"@id":"https:\/\/www.dreams-software.com\/#organization"},"potentialAction":[{"@type":"SearchAction","target":{"@type":"EntryPoint","urlTemplate":"https:\/\/www.dreams-software.com\/?s={search_term_string}"},"query-input":{"@type":"PropertyValueSpecification","valueRequired":true,"valueName":"search_term_string"}}],"inLanguage":"es-ES"},{"@type":"Organization","@id":"https:\/\/www.dreams-software.com\/#organization","name":"Dreams Software","url":"https:\/\/www.dreams-software.com\/","logo":{"@type":"ImageObject","inLanguage":"es-ES","@id":"https:\/\/www.dreams-software.com\/#\/schema\/logo\/image\/","url":"https:\/\/www.dreams-software.com\/wp-content\/uploads\/2019\/02\/dreams-software-logo-1502114604.png","contentUrl":"https:\/\/www.dreams-software.com\/wp-content\/uploads\/2019\/02\/dreams-software-logo-1502114604.png","width":167,"height":97,"caption":"Dreams Software"},"image":{"@id":"https:\/\/www.dreams-software.com\/#\/schema\/logo\/image\/"}}]}},"jetpack_sharing_enabled":true,"_links":{"self":[{"href":"https:\/\/www.dreams-software.com\/es\/wp-json\/wp\/v2\/pages\/43","targetHints":{"allow":["GET"]}}],"collection":[{"href":"https:\/\/www.dreams-software.com\/es\/wp-json\/wp\/v2\/pages"}],"about":[{"href":"https:\/\/www.dreams-software.com\/es\/wp-json\/wp\/v2\/types\/page"}],"author":[{"embeddable":true,"href":"https:\/\/www.dreams-software.com\/es\/wp-json\/wp\/v2\/users\/1"}],"replies":[{"embeddable":true,"href":"https:\/\/www.dreams-software.com\/es\/wp-json\/wp\/v2\/comments?post=43"}],"version-history":[{"count":31,"href":"https:\/\/www.dreams-software.com\/es\/wp-json\/wp\/v2\/pages\/43\/revisions"}],"predecessor-version":[{"id":1335,"href":"https:\/\/www.dreams-software.com\/es\/wp-json\/wp\/v2\/pages\/43\/revisions\/1335"}],"wp:attachment":[{"href":"https:\/\/www.dreams-software.com\/es\/wp-json\/wp\/v2\/media?parent=43"}],"curies":[{"name":"wp","href":"https:\/\/api.w.org\/{rel}","templated":true}]}}