{"id":462,"date":"2019-05-27T23:47:13","date_gmt":"2019-05-27T21:47:13","guid":{"rendered":"https:\/\/www.dreams-software.com\/fr\/?page_id=462"},"modified":"2019-07-21T16:11:04","modified_gmt":"2019-07-21T14:11:04","slug":"planning-des-cours","status":"publish","type":"page","link":"https:\/\/www.dreams-software.com\/es\/sports-club-management\/planning-des-cours\/","title":{"rendered":"Planning des cours"},"content":{"rendered":"<div id=\"pl-462\"  class=\"panel-layout\" ><div id=\"pg-462-0\"  class=\"panel-grid panel-no-style\" ><div id=\"pgc-462-0-0\"  class=\"panel-grid-cell\" ><div id=\"panel-462-0-0-0\" class=\"so-panel widget widget_sow-editor panel-first-child panel-last-child\" data-index=\"0\" ><div\n\t\t\t\n\t\t\tclass=\"so-widget-sow-editor so-widget-sow-editor-base\"\n\t\t\t\n\t\t>\n<div class=\"siteorigin-widget-tinymce textwidget\">\n\t<h1 style=\"text-align: center;\">Gestion du planning des cours<\/h1>\n<\/div>\n<\/div><\/div><\/div><\/div><div id=\"pg-462-1\"  class=\"panel-grid panel-has-style\" ><div class=\"ds-row panel-row-style panel-row-style-for-462-1\" ><div id=\"pgc-462-1-0\"  class=\"panel-grid-cell\" ><div id=\"panel-462-1-0-0\" class=\"so-panel widget widget_sow-image-grid panel-first-child panel-last-child\" data-index=\"1\" ><div\n\t\t\t\n\t\t\tclass=\"so-widget-sow-image-grid so-widget-sow-image-grid-default-3fbf13dff59f-462\"\n\t\t\t\n\t\t>\t<div\n\t\tclass=\"sow-image-grid-wrapper\"\n\t\t\t\t\t>\n\t\t\t\t\t<div class=\"sow-image-grid-image\">\n\t\t\t\t\t\t\t\t\t\t\t\t\t<a href=\"https:\/\/www.dreams-software.com\/wp-content\/uploads\/2019\/06\/Param\u00e8tres-techniques-3-Sports-Club-Management.png\"\n\t\t\t\t\t>\n\t\t\t\t\t\t\t\t<img loading=\"lazy\" decoding=\"async\" width=\"272\" height=\"182\" src=\"https:\/\/www.dreams-software.com\/wp-content\/uploads\/2019\/06\/Param\u00e8tres-techniques-3-Sports-Club-Management-272x182.png\" class=\"sow-image-grid-image_html\" alt=\"Listez vos techniques \u00e0 enseigner dans votre discipline&quot;\" title=\"Listez vos techniques \u00e0 enseigner par grade\" \/>\t\t\t\t\t\t\t\t\t<\/a>\n\t\t\t\t\t\t\t\t\t\t\t<\/div>\n\t\t\t\t\t<div class=\"sow-image-grid-image\">\n\t\t\t\t\t\t\t\t\t\t\t\t\t<a href=\"https:\/\/www.dreams-software.com\/wp-content\/uploads\/2019\/06\/Param\u00e8tres-techniques-4-Sports-Club-Management.png\"\n\t\t\t\t\t>\n\t\t\t\t\t\t\t\t<img loading=\"lazy\" decoding=\"async\" width=\"272\" height=\"182\" src=\"https:\/\/www.dreams-software.com\/wp-content\/uploads\/2019\/06\/Param\u00e8tres-techniques-4-Sports-Club-Management-272x182.png\" class=\"sow-image-grid-image_html\" alt=\"Listez toutes les techniques \u00e0 enseigner dans votre discipline&quot;\" title=\"Liste de toutes les techniques \u00e0 enseigner par grade\" \/>\t\t\t\t\t\t\t\t\t<\/a>\n\t\t\t\t\t\t\t\t\t\t\t<\/div>\n\t\t\t<\/div>\n<\/div><\/div><\/div><div id=\"pgc-462-1-1\"  class=\"panel-grid-cell\" ><div id=\"panel-462-1-1-0\" class=\"so-panel widget widget_sow-editor panel-first-child panel-last-child\" data-index=\"2\" ><div\n\t\t\t\n\t\t\tclass=\"so-widget-sow-editor so-widget-sow-editor-base\"\n\t\t\t\n\t\t>\n<div class=\"siteorigin-widget-tinymce textwidget\">\n\t<h2 style=\"text-align: center; margin-top: 0;\">Listez toutes les techniques \u00e0 enseigner dans votre discipline<\/h2>\n<p style=\"text-align: center;\">Classifiez toutes les techniques \u00e0 enseigner de votre discipline par niveau de grade,<br \/>\ncorrespondant aux sujets des cours que vous allez enseigner pendant la saison sportive.<\/p>\n<p style=\"text-align: center;\">Cr\u00e9ez autant de techniques diff\u00e9rentes que vous le souhaitez, r\u00e9parties par grade.<br \/>\nCes techniques pourront alors \u00eatre s\u00e9lectionn\u00e9es en sujet du cours, dans le planning des cours.<\/p>\n<p style=\"text-align: center;\">Vous pouvez \u00e9galement les importer facilement en utilisant un fichier CSV.<\/p>\n<\/div>\n<\/div><\/div><\/div><\/div><\/div><div id=\"pg-462-2\"  class=\"panel-grid panel-has-style\" ><div class=\"ds-row panel-row-style panel-row-style-for-462-2\" ><div id=\"pgc-462-2-0\"  class=\"panel-grid-cell\" ><div id=\"panel-462-2-0-0\" class=\"so-panel widget widget_sow-image-grid panel-first-child panel-last-child\" data-index=\"3\" ><div\n\t\t\t\n\t\t\tclass=\"so-widget-sow-image-grid so-widget-sow-image-grid-default-3fbf13dff59f-462\"\n\t\t\t\n\t\t><\/div><\/div><\/div><div id=\"pgc-462-2-1\"  class=\"panel-grid-cell\" ><div id=\"panel-462-2-1-0\" class=\"so-panel widget widget_sow-editor panel-first-child panel-last-child\" data-index=\"4\" ><div\n\t\t\t\n\t\t\tclass=\"so-widget-sow-editor so-widget-sow-editor-base\"\n\t\t\t\n\t\t>\n<div class=\"siteorigin-widget-tinymce textwidget\">\n\t<h2 style=\"text-align: center; margin-top: 0;\">Supervision des techniques \u00e0 enseigner<\/h2>\n<p style=\"text-align: center;\">Cr\u00e9ez autant de cours par semaine que vous le souhaitez et affectez-leurs un ou plusieurs niveaux.<\/p>\n<p style=\"text-align: center;\">Vous pourrez ainsi renseigner tous les cr\u00e9neaux horaires de votre association sportive.<\/p>\n<p style=\"text-align: center;\">Ces cr\u00e9neaux horaires se retrouvent alors dans le planning annuel ou mensuel des cours de la saison.<\/p>\n<\/div>\n<\/div><\/div><\/div><\/div><\/div><\/div>","protected":false},"excerpt":{"rendered":"<p>Gestion du planning des cours Listez toutes les techniques \u00e0 enseigner dans votre discipline Classifiez toutes les techniques \u00e0 enseigner de votre discipline par niveau de grade, correspondant aux sujets des cours que vous allez enseigner pendant la saison sportive. Cr\u00e9ez autant de techniques diff\u00e9rentes que vous le souhaitez, r\u00e9parties par grade. Ces techniques pourront&hellip;&nbsp;<a href=\"https:\/\/www.dreams-software.com\/es\/sports-club-management\/planning-des-cours\/\" rel=\"bookmark\">Read More &raquo;<span class=\"screen-reader-text\">Planning des cours<\/span><\/a><\/p>\n","protected":false},"author":1,"featured_media":0,"parent":2,"menu_order":0,"comment_status":"closed","ping_status":"closed","template":"","meta":{"neve_meta_sidebar":"","neve_meta_container":"","neve_meta_enable_content_width":"","neve_meta_content_width":0,"neve_meta_title_alignment":"","neve_meta_author_avatar":"","neve_post_elements_order":"","neve_meta_disable_header":"","neve_meta_disable_footer":"","neve_meta_disable_title":"","neve_meta_reading_time":"","footnotes":""},"class_list":["post-462","page","type-page","status-publish","hentry"],"yoast_head":"<!-- This site is optimized with the Yoast SEO plugin v27.2 - https:\/\/yoast.com\/product\/yoast-seo-wordpress\/ -->\n<title>Planning des cours<\/title>\n<meta name=\"description\" content=\"Le planning des cours permet de g\u00e9rer au mieux le planning de votre association sportive. Choisissez vos sujets de cours, l&#039;affectation des profs, etc.\" \/>\n<meta name=\"robots\" content=\"index, follow, max-snippet:-1, max-image-preview:large, max-video-preview:-1\" \/>\n<link rel=\"canonical\" href=\"https:\/\/www.dreams-software.com\/es\/sports-club-management\/planning-des-cours\/\" \/>\n<meta property=\"og:locale\" content=\"es_ES\" \/>\n<meta property=\"og:locale:alternate\" content=\"fr_FR\" \/>\n<meta property=\"og:locale:alternate\" content=\"en_US\" \/>\n<meta property=\"og:locale:alternate\" content=\"de_DE\" \/>\n<meta property=\"og:type\" content=\"article\" \/>\n<meta property=\"og:title\" content=\"Planning des cours\" \/>\n<meta property=\"og:description\" content=\"Le planning des cours permet de g\u00e9rer au mieux le planning de votre association sportive. Choisissez vos sujets de cours, l&#039;affectation des profs, etc.\" \/>\n<meta property=\"og:url\" content=\"https:\/\/www.dreams-software.com\/es\/sports-club-management\/planning-des-cours\/\" \/>\n<meta property=\"og:site_name\" content=\"Dreams Software\" \/>\n<meta property=\"article:modified_time\" content=\"2019-07-21T14:11:04+00:00\" \/>\n<meta name=\"twitter:card\" content=\"summary_large_image\" \/>\n<meta name=\"twitter:label1\" content=\"Est. reading time\" \/>\n\t<meta name=\"twitter:data1\" content=\"1 minute\" \/>\n<script type=\"application\/ld+json\" class=\"yoast-schema-graph\">{\"@context\":\"https:\/\/schema.org\",\"@graph\":[{\"@type\":\"WebPage\",\"@id\":\"https:\/\/www.dreams-software.com\/sports-club-management\/planning-des-cours\/\",\"url\":\"https:\/\/www.dreams-software.com\/sports-club-management\/planning-des-cours\/\",\"name\":\"Planning des cours\",\"isPartOf\":{\"@id\":\"https:\/\/www.dreams-software.com\/#website\"},\"datePublished\":\"2019-05-27T21:47:13+00:00\",\"dateModified\":\"2019-07-21T14:11:04+00:00\",\"description\":\"Le planning des cours permet de g\u00e9rer au mieux le planning de votre association sportive. Choisissez vos sujets de cours, l'affectation des profs, etc.\",\"breadcrumb\":{\"@id\":\"https:\/\/www.dreams-software.com\/sports-club-management\/planning-des-cours\/#breadcrumb\"},\"inLanguage\":\"es-ES\",\"potentialAction\":[{\"@type\":\"ReadAction\",\"target\":[\"https:\/\/www.dreams-software.com\/sports-club-management\/planning-des-cours\/\"]}]},{\"@type\":\"BreadcrumbList\",\"@id\":\"https:\/\/www.dreams-software.com\/sports-club-management\/planning-des-cours\/#breadcrumb\",\"itemListElement\":[{\"@type\":\"ListItem\",\"position\":1,\"name\":\"Accueil\",\"item\":\"https:\/\/www.dreams-software.com\/\"},{\"@type\":\"ListItem\",\"position\":2,\"name\":\"Sports Club Management\",\"item\":\"https:\/\/www.dreams-software.com\/sports-club-management\/\"},{\"@type\":\"ListItem\",\"position\":3,\"name\":\"Planning des cours\"}]},{\"@type\":\"WebSite\",\"@id\":\"https:\/\/www.dreams-software.com\/#website\",\"url\":\"https:\/\/www.dreams-software.com\/\",\"name\":\"Dreams Software\",\"description\":\"Logiciels pour club de sport\",\"publisher\":{\"@id\":\"https:\/\/www.dreams-software.com\/#organization\"},\"potentialAction\":[{\"@type\":\"SearchAction\",\"target\":{\"@type\":\"EntryPoint\",\"urlTemplate\":\"https:\/\/www.dreams-software.com\/?s={search_term_string}\"},\"query-input\":{\"@type\":\"PropertyValueSpecification\",\"valueRequired\":true,\"valueName\":\"search_term_string\"}}],\"inLanguage\":\"es-ES\"},{\"@type\":\"Organization\",\"@id\":\"https:\/\/www.dreams-software.com\/#organization\",\"name\":\"Dreams Software\",\"url\":\"https:\/\/www.dreams-software.com\/\",\"logo\":{\"@type\":\"ImageObject\",\"inLanguage\":\"es-ES\",\"@id\":\"https:\/\/www.dreams-software.com\/#\/schema\/logo\/image\/\",\"url\":\"https:\/\/www.dreams-software.com\/wp-content\/uploads\/2019\/02\/dreams-software-logo-1502114604.png\",\"contentUrl\":\"https:\/\/www.dreams-software.com\/wp-content\/uploads\/2019\/02\/dreams-software-logo-1502114604.png\",\"width\":167,\"height\":97,\"caption\":\"Dreams Software\"},\"image\":{\"@id\":\"https:\/\/www.dreams-software.com\/#\/schema\/logo\/image\/\"}}]}<\/script>\n<!-- \/ Yoast SEO plugin. -->","yoast_head_json":{"title":"Planning des cours","description":"Le planning des cours permet de g\u00e9rer au mieux le planning de votre association sportive. Choisissez vos sujets de cours, l'affectation des profs, etc.","robots":{"index":"index","follow":"follow","max-snippet":"max-snippet:-1","max-image-preview":"max-image-preview:large","max-video-preview":"max-video-preview:-1"},"canonical":"https:\/\/www.dreams-software.com\/es\/sports-club-management\/planning-des-cours\/","og_locale":"es_ES","og_type":"article","og_title":"[:fr]Planning des cours[:] - Sports Club Management - Gestion pour association","og_description":"Le planning des cours permet de g\u00e9rer au mieux le planning de votre association sportive. Choisissez vos sujets de cours, l'affectation des profs, etc.","og_url":"https:\/\/www.dreams-software.com\/es\/sports-club-management\/planning-des-cours\/","og_site_name":"Dreams Software","article_modified_time":"2019-07-21T14:11:04+00:00","twitter_card":"summary_large_image","twitter_misc":{"Est. reading time":"1 minute"},"schema":{"@context":"https:\/\/schema.org","@graph":[{"@type":"WebPage","@id":"https:\/\/www.dreams-software.com\/sports-club-management\/planning-des-cours\/","url":"https:\/\/www.dreams-software.com\/sports-club-management\/planning-des-cours\/","name":"Planning des cours","isPartOf":{"@id":"https:\/\/www.dreams-software.com\/#website"},"datePublished":"2019-05-27T21:47:13+00:00","dateModified":"2019-07-21T14:11:04+00:00","description":"Le planning des cours permet de g\u00e9rer au mieux le planning de votre association sportive. Choisissez vos sujets de cours, l'affectation des profs, etc.","breadcrumb":{"@id":"https:\/\/www.dreams-software.com\/sports-club-management\/planning-des-cours\/#breadcrumb"},"inLanguage":"es-ES","potentialAction":[{"@type":"ReadAction","target":["https:\/\/www.dreams-software.com\/sports-club-management\/planning-des-cours\/"]}]},{"@type":"BreadcrumbList","@id":"https:\/\/www.dreams-software.com\/sports-club-management\/planning-des-cours\/#breadcrumb","itemListElement":[{"@type":"ListItem","position":1,"name":"Accueil","item":"https:\/\/www.dreams-software.com\/"},{"@type":"ListItem","position":2,"name":"Sports Club Management","item":"https:\/\/www.dreams-software.com\/sports-club-management\/"},{"@type":"ListItem","position":3,"name":"Planning des cours"}]},{"@type":"WebSite","@id":"https:\/\/www.dreams-software.com\/#website","url":"https:\/\/www.dreams-software.com\/","name":"Dreams Software","description":"Logiciels pour club de sport","publisher":{"@id":"https:\/\/www.dreams-software.com\/#organization"},"potentialAction":[{"@type":"SearchAction","target":{"@type":"EntryPoint","urlTemplate":"https:\/\/www.dreams-software.com\/?s={search_term_string}"},"query-input":{"@type":"PropertyValueSpecification","valueRequired":true,"valueName":"search_term_string"}}],"inLanguage":"es-ES"},{"@type":"Organization","@id":"https:\/\/www.dreams-software.com\/#organization","name":"Dreams Software","url":"https:\/\/www.dreams-software.com\/","logo":{"@type":"ImageObject","inLanguage":"es-ES","@id":"https:\/\/www.dreams-software.com\/#\/schema\/logo\/image\/","url":"https:\/\/www.dreams-software.com\/wp-content\/uploads\/2019\/02\/dreams-software-logo-1502114604.png","contentUrl":"https:\/\/www.dreams-software.com\/wp-content\/uploads\/2019\/02\/dreams-software-logo-1502114604.png","width":167,"height":97,"caption":"Dreams Software"},"image":{"@id":"https:\/\/www.dreams-software.com\/#\/schema\/logo\/image\/"}}]}},"jetpack_sharing_enabled":true,"_links":{"self":[{"href":"https:\/\/www.dreams-software.com\/es\/wp-json\/wp\/v2\/pages\/462","targetHints":{"allow":["GET"]}}],"collection":[{"href":"https:\/\/www.dreams-software.com\/es\/wp-json\/wp\/v2\/pages"}],"about":[{"href":"https:\/\/www.dreams-software.com\/es\/wp-json\/wp\/v2\/types\/page"}],"author":[{"embeddable":true,"href":"https:\/\/www.dreams-software.com\/es\/wp-json\/wp\/v2\/users\/1"}],"replies":[{"embeddable":true,"href":"https:\/\/www.dreams-software.com\/es\/wp-json\/wp\/v2\/comments?post=462"}],"version-history":[{"count":37,"href":"https:\/\/www.dreams-software.com\/es\/wp-json\/wp\/v2\/pages\/462\/revisions"}],"predecessor-version":[{"id":1876,"href":"https:\/\/www.dreams-software.com\/es\/wp-json\/wp\/v2\/pages\/462\/revisions\/1876"}],"up":[{"embeddable":true,"href":"https:\/\/www.dreams-software.com\/es\/wp-json\/wp\/v2\/pages\/2"}],"wp:attachment":[{"href":"https:\/\/www.dreams-software.com\/es\/wp-json\/wp\/v2\/media?parent=462"}],"curies":[{"name":"wp","href":"https:\/\/api.w.org\/{rel}","templated":true}]}}