{"id":55,"date":"2019-02-21T15:17:49","date_gmt":"2019-02-21T14:17:49","guid":{"rendered":"https:\/\/www.dreams-software.com\/fr\/?page_id=55"},"modified":"2019-06-11T12:53:02","modified_gmt":"2019-06-11T10:53:02","slug":"mentions-legales","status":"publish","type":"page","link":"https:\/\/www.dreams-software.com\/es\/mentions-legales\/","title":{"rendered":"Informaci\u00f3n legal"},"content":{"rendered":"<p><strong>1. Informaci\u00f3n legal<\/strong><\/p>\n<p>&#8211; Este sitio es publicado por Dreams-Software.<\/p>\n<p>&#8211; El director de la publicaci\u00f3n del sitio web es el Sr. S\u00e9bastien MARTIN en su calidad de webmaster.<\/p>\n<p>&#8211; El alojamiento del sitio es proporcionado por OVH.<\/p>\n<p>&#8211; Puede informarnos Cualquier contenido inapropiado o ilegal en la siguiente direcci\u00f3n: webmaster@dreams-software.com<\/p>\n<p>&nbsp;<\/p>\n<p><strong>2. Informaci\u00f3n y libertades<\/strong><\/p>\n<p>&#8211; En aplicaci\u00f3n de la ley n \u00b0 78-17 del 6 de enero de 1978 modificada, en relaci\u00f3n con la computaci\u00f3n, los archivos y las libertades, el sitio web fue objeto de una declaraci\u00f3n cerca de la Comisi\u00f3n Nacional de Tecnolog\u00eda de la informaci\u00f3n y libertades (www.cnil.fr) con el n\u00famero 2115268.<\/p>\n<p>&#8211; Se informa en particular al usuario, de conformidad con el art\u00edculo 32 de la Ley de protecci\u00f3n de datos del 6 de enero de 1978, que Dreams-Software pone implementaci\u00f3n de un procesamiento de datos personales cuyo objetivo principal es la gesti\u00f3n del registro del usuario en el sitio de la comunidad, enviando boletines informativos.<\/p>\n<p>&#8211; Los datos recopilados no se transmiten a terceros y permanecen internos a Dreams- software.<\/p>\n<p>&nbsp;<\/p>\n<p><strong>3. Cookies<\/strong><\/p>\n<p>&#8211; Cuando alguien visita el sitio www.dreams-software.com, nuestro servidor instala cookies o cookies en el disco duro de la computadora del usuario. Las cookies son datos utilizados por un servidor web para env\u00ede informaci\u00f3n de estado al navegador de un usuario y para que ese navegador devuelva la informaci\u00f3n de estado al servidor web de origen.<\/p>\n<p>&#8211; La informaci\u00f3n de estado puede ser, por ejemplo, un identificador de sesi\u00f3n, un idioma, una fecha de caducidad, un dominio de respuesta, etc.<\/p>\n<p>&#8211; Esta informaci\u00f3n de estado puede ser almacenada por el navegador de varias maneras (un archivo de texto separado por cookie, un solo archivo que contiene todas las cookies, cifrado de este archivo \u00fanico, etc.) o no puede almacenarse desde el Todo: depende del tipo de navegador, su versi\u00f3n, su configuraci\u00f3n, etc.<\/p>\n<p>&#8211; Algunas de estas cookies tienen el prop\u00f3sito exclusivo de habilitar o facilitar la comunicaci\u00f3n electr\u00f3nica. Otros son estrictamente necesarios para la prestaci\u00f3n de un servicio de comunicaci\u00f3n en l\u00ednea.<\/p>\n<p>&#8211; En cualquier caso, la configuraci\u00f3n del software del navegador permite informar de la presencia de cookies y posiblemente rechazar.<\/p>\n<p>&#8211; La mayor\u00eda de los navegadores est\u00e1n configurados de forma predeterminada y aceptan la instalaci\u00f3n de Cookies. Sin embargo, tiene la opci\u00f3n, si lo desea, de deshabilitar el uso de cookies seleccionando la configuraci\u00f3n apropiada de su navegador. Dependiendo de los navegadores utilizados, el procedimiento puede ser diferente.- En general, este par\u00e1metro se encuentra en las pesta\u00f1as &#8220;Herramientas&#8221;, &#8220;Par\u00e1metros&#8221;.<\/p>\n<p>&#8211; No es posible proporcionar una informaci\u00f3n detallada y actualizada de estos elementos de configuraci\u00f3n que est\u00e1n bajo el control exclusivo y la autoridad de los editores del software del navegador.<\/p>\n<p>&#8211; Para informaci\u00f3n, los usuarios pueden tener informaci\u00f3n adicional:<br \/>\n&#8211; de los editores de su software de navegador en su sitio web<br \/>\n&#8211; m\u00e1s generalmente en el sitio web de Cnil en www.cnil.fr usando la palabra clave &#8220;cookies&#8221; en los motores de b\u00fasqueda.<\/p>\n<p>&#8211; Con Internet Explorer, tiene que ir a trav\u00e9s de &#8220;herramientas&#8221;, hacer clic en las opciones de Internet, luego en la pesta\u00f1a de privacidad y elegir la configuraci\u00f3n de privacidad &#8220;avanzada&#8221;. Para prohibir las cookies, debe marcar &#8220;ignorar&#8221; la administraci\u00f3n autom\u00e1tica de las cookies y luego seleccionar &#8220;rechazar&#8221;. Si desea elegir caso por caso para aceptarlas o rechazarlas, debe seleccionar la opci\u00f3n &#8220;preguntar&#8221;.<\/p>\n<p>&#8211; Llamamos su atenci\u00f3n sobre el hecho de que al configurar su navegador para rechazar todas las cookies y otras cookies necesarias para, algunas funciones, p\u00e1ginas, espacios del sitio no ser\u00e1n accesibles.<\/p>\n<p>&nbsp;<\/p>\n<p><strong>4. Hiperv\u00ednculos<\/strong><\/p>\n<p>&#8211; Los enlaces de hipertexto establecidos en el marco del sitio web a otros recursos en Internet, y especialmente a sus socios, han sido objeto de una autorizaci\u00f3n previa por escrito y expresa.<\/p>\n<p>&#8211; Ever Technology no puede ser responsable del acceso de los usuarios mediante los enlaces de hipertexto establecidos en el marco del sitio web hacia otros recursos presentes en la red.<\/p>\n<p>&#8211; Ever Technologie declina toda responsabilidad por el contenido de la informaci\u00f3n proporcionada sobre estos recursos presentes en la red para la activaci\u00f3n de enlaces de hipertexto.<\/p>\n<p>&#8211; El usuario no puede configurar un enlace de hipertexto a este sitio sin la autorizaci\u00f3n previa expresa de nuestra empresa.<\/p>\n<p>&#8211; En cualquier caso, esta autorizaci\u00f3n no puede ser calificada como un acuerdo impl\u00edcito de afiliaci\u00f3n.<\/p>\n<p>&#8211; En cualquier caso, los enlaces de hipertexto al sitio web deben eliminarse en la primera solicitud de Ever Technology.<\/p>\n<p>&nbsp;<\/p>\n<p><strong>5. Protecci\u00f3n de contenido<\/strong><\/p>\n<p>&#8211; Todo el contenido presente o disponible a trav\u00e9s del sitio www.dreams-software.com, como textos, dibujos, gr\u00e1ficos, im\u00e1genes, m\u00fasica, fotos, marcas comerciales y logotipos, descargas. digital, etc .; es propiedad de Ever Technology, sus afiliados o terceros.<\/p>\n<p>&#8211; Este contenido est\u00e1 protegido por derechos de propiedad intelectual. Llamamos su atenci\u00f3n sobre el hecho de que la violaci\u00f3n de los derechos de propiedad intelectual constituye un delito de falsificaci\u00f3n y es punible por la ley.<\/p>\n<p>&#8211; Ever Technology no otorga ning\u00fan derecho sobre el contenido y autoriza a sus visitantes a copiar e imprimir en papel el contenido de su sitio, solo con el fin de preparar sus compras.<br \/>\n&#8211; Queda estrictamente prohibido que cualquier persona f\u00edsica o jur\u00eddica extraiga, copie, reproduzca, modifique, retranscriba y \/ o reutilice, todo o parte del contenido, para cualquier otro uso que no sea la preparaci\u00f3n de compras en el sitio. www.dreams-software.com, sin el permiso expreso por escrito del titular de los derechos.<\/p>\n<p>&nbsp;<\/p>\n<p><strong>6. Ley aplicable.<\/strong><\/p>\n<p>&#8211; La ley francesa es aplicable tanto para las reglas de forma como para la sustancia.<\/p>\n","protected":false},"excerpt":{"rendered":"<p>1. Informaci\u00f3n legal &#8211; Este sitio es publicado por Dreams-Software. &#8211; El director de la publicaci\u00f3n del sitio web es el Sr. S\u00e9bastien MARTIN en su calidad de webmaster. &#8211; El alojamiento del sitio es proporcionado por OVH. &#8211; Puede informarnos Cualquier contenido inapropiado o ilegal en la siguiente direcci\u00f3n: webmaster@dreams-software.com &nbsp; 2. Informaci\u00f3n y&hellip;&nbsp;<a href=\"https:\/\/www.dreams-software.com\/es\/mentions-legales\/\" rel=\"bookmark\">Read More &raquo;<span class=\"screen-reader-text\">Informaci\u00f3n legal<\/span><\/a><\/p>\n","protected":false},"author":1,"featured_media":0,"parent":0,"menu_order":0,"comment_status":"closed","ping_status":"closed","template":"","meta":{"neve_meta_sidebar":"","neve_meta_container":"","neve_meta_enable_content_width":"","neve_meta_content_width":0,"neve_meta_title_alignment":"","neve_meta_author_avatar":"","neve_post_elements_order":"","neve_meta_disable_header":"","neve_meta_disable_footer":"","neve_meta_disable_title":"","neve_meta_reading_time":"","footnotes":""},"class_list":["post-55","page","type-page","status-publish","hentry"],"yoast_head":"<!-- This site is optimized with the Yoast SEO plugin v27.2 - https:\/\/yoast.com\/product\/yoast-seo-wordpress\/ -->\n<title>Informaci\u00f3n legal<\/title>\n<meta name=\"robots\" content=\"index, follow, max-snippet:-1, max-image-preview:large, max-video-preview:-1\" \/>\n<link rel=\"canonical\" href=\"https:\/\/www.dreams-software.com\/es\/mentions-legales\/\" \/>\n<meta property=\"og:locale\" content=\"es_ES\" \/>\n<meta property=\"og:locale:alternate\" content=\"fr_FR\" \/>\n<meta property=\"og:locale:alternate\" content=\"en_US\" \/>\n<meta property=\"og:locale:alternate\" content=\"de_DE\" \/>\n<meta property=\"og:type\" content=\"article\" \/>\n<meta property=\"og:title\" content=\"Informaci\u00f3n legal\" \/>\n<meta property=\"og:description\" content=\"1. Informaci\u00f3n legal &#8211; Este sitio es publicado por Dreams-Software. &#8211; El director de la publicaci\u00f3n del sitio web es el Sr. S\u00e9bastien MARTIN en su calidad de webmaster. &#8211; El alojamiento del sitio es proporcionado por OVH. &#8211; Puede informarnos Cualquier contenido inapropiado o ilegal en la siguiente direcci\u00f3n: webmaster@dreams-software.com &nbsp; 2. Informaci\u00f3n y&hellip;&nbsp;Read More &raquo;Informaci\u00f3n legal\" \/>\n<meta property=\"og:url\" content=\"https:\/\/www.dreams-software.com\/es\/mentions-legales\/\" \/>\n<meta property=\"og:site_name\" content=\"Dreams Software\" \/>\n<meta property=\"article:modified_time\" content=\"2019-06-11T10:53:02+00:00\" \/>\n<meta name=\"twitter:card\" content=\"summary_large_image\" \/>\n<meta name=\"twitter:label1\" content=\"Est. reading time\" \/>\n\t<meta name=\"twitter:data1\" content=\"19 minutes\" \/>\n<script type=\"application\/ld+json\" class=\"yoast-schema-graph\">{\"@context\":\"https:\/\/schema.org\",\"@graph\":[{\"@type\":\"WebPage\",\"@id\":\"https:\/\/www.dreams-software.com\/mentions-legales\/\",\"url\":\"https:\/\/www.dreams-software.com\/mentions-legales\/\",\"name\":\"Informaci\u00f3n legal\",\"isPartOf\":{\"@id\":\"https:\/\/www.dreams-software.com\/#website\"},\"datePublished\":\"2019-02-21T14:17:49+00:00\",\"dateModified\":\"2019-06-11T10:53:02+00:00\",\"breadcrumb\":{\"@id\":\"https:\/\/www.dreams-software.com\/mentions-legales\/#breadcrumb\"},\"inLanguage\":\"es-ES\",\"potentialAction\":[{\"@type\":\"ReadAction\",\"target\":[\"https:\/\/www.dreams-software.com\/mentions-legales\/\"]}]},{\"@type\":\"BreadcrumbList\",\"@id\":\"https:\/\/www.dreams-software.com\/mentions-legales\/#breadcrumb\",\"itemListElement\":[{\"@type\":\"ListItem\",\"position\":1,\"name\":\"Accueil\",\"item\":\"https:\/\/www.dreams-software.com\/\"},{\"@type\":\"ListItem\",\"position\":2,\"name\":\"Mentions l\u00e9gales\"}]},{\"@type\":\"WebSite\",\"@id\":\"https:\/\/www.dreams-software.com\/#website\",\"url\":\"https:\/\/www.dreams-software.com\/\",\"name\":\"Dreams Software\",\"description\":\"Logiciels pour club de sport\",\"publisher\":{\"@id\":\"https:\/\/www.dreams-software.com\/#organization\"},\"potentialAction\":[{\"@type\":\"SearchAction\",\"target\":{\"@type\":\"EntryPoint\",\"urlTemplate\":\"https:\/\/www.dreams-software.com\/?s={search_term_string}\"},\"query-input\":{\"@type\":\"PropertyValueSpecification\",\"valueRequired\":true,\"valueName\":\"search_term_string\"}}],\"inLanguage\":\"es-ES\"},{\"@type\":\"Organization\",\"@id\":\"https:\/\/www.dreams-software.com\/#organization\",\"name\":\"Dreams Software\",\"url\":\"https:\/\/www.dreams-software.com\/\",\"logo\":{\"@type\":\"ImageObject\",\"inLanguage\":\"es-ES\",\"@id\":\"https:\/\/www.dreams-software.com\/#\/schema\/logo\/image\/\",\"url\":\"https:\/\/www.dreams-software.com\/wp-content\/uploads\/2019\/02\/dreams-software-logo-1502114604.png\",\"contentUrl\":\"https:\/\/www.dreams-software.com\/wp-content\/uploads\/2019\/02\/dreams-software-logo-1502114604.png\",\"width\":167,\"height\":97,\"caption\":\"Dreams Software\"},\"image\":{\"@id\":\"https:\/\/www.dreams-software.com\/#\/schema\/logo\/image\/\"}}]}<\/script>\n<!-- \/ Yoast SEO plugin. -->","yoast_head_json":{"title":"Informaci\u00f3n legal","robots":{"index":"index","follow":"follow","max-snippet":"max-snippet:-1","max-image-preview":"max-image-preview:large","max-video-preview":"max-video-preview:-1"},"canonical":"https:\/\/www.dreams-software.com\/es\/mentions-legales\/","og_locale":"es_ES","og_type":"article","og_title":"[:fr]Mentions l\u00e9gales[:en]Legal information[:es]Informaci\u00f3n legal[:de]Rechtliche Hinweise[:] - Dreams Software","og_description":"1. Informaci\u00f3n legal &#8211; Este sitio es publicado por Dreams-Software. &#8211; El director de la publicaci\u00f3n del sitio web es el Sr. S\u00e9bastien MARTIN en su calidad de webmaster. &#8211; El alojamiento del sitio es proporcionado por OVH. &#8211; Puede informarnos Cualquier contenido inapropiado o ilegal en la siguiente direcci\u00f3n: webmaster@dreams-software.com &nbsp; 2. Informaci\u00f3n y&hellip;&nbsp;Read More &raquo;Informaci\u00f3n legal","og_url":"https:\/\/www.dreams-software.com\/es\/mentions-legales\/","og_site_name":"Dreams Software","article_modified_time":"2019-06-11T10:53:02+00:00","twitter_card":"summary_large_image","twitter_misc":{"Est. reading time":"19 minutes"},"schema":{"@context":"https:\/\/schema.org","@graph":[{"@type":"WebPage","@id":"https:\/\/www.dreams-software.com\/mentions-legales\/","url":"https:\/\/www.dreams-software.com\/mentions-legales\/","name":"Informaci\u00f3n legal","isPartOf":{"@id":"https:\/\/www.dreams-software.com\/#website"},"datePublished":"2019-02-21T14:17:49+00:00","dateModified":"2019-06-11T10:53:02+00:00","breadcrumb":{"@id":"https:\/\/www.dreams-software.com\/mentions-legales\/#breadcrumb"},"inLanguage":"es-ES","potentialAction":[{"@type":"ReadAction","target":["https:\/\/www.dreams-software.com\/mentions-legales\/"]}]},{"@type":"BreadcrumbList","@id":"https:\/\/www.dreams-software.com\/mentions-legales\/#breadcrumb","itemListElement":[{"@type":"ListItem","position":1,"name":"Accueil","item":"https:\/\/www.dreams-software.com\/"},{"@type":"ListItem","position":2,"name":"Mentions l\u00e9gales"}]},{"@type":"WebSite","@id":"https:\/\/www.dreams-software.com\/#website","url":"https:\/\/www.dreams-software.com\/","name":"Dreams Software","description":"Logiciels pour club de sport","publisher":{"@id":"https:\/\/www.dreams-software.com\/#organization"},"potentialAction":[{"@type":"SearchAction","target":{"@type":"EntryPoint","urlTemplate":"https:\/\/www.dreams-software.com\/?s={search_term_string}"},"query-input":{"@type":"PropertyValueSpecification","valueRequired":true,"valueName":"search_term_string"}}],"inLanguage":"es-ES"},{"@type":"Organization","@id":"https:\/\/www.dreams-software.com\/#organization","name":"Dreams Software","url":"https:\/\/www.dreams-software.com\/","logo":{"@type":"ImageObject","inLanguage":"es-ES","@id":"https:\/\/www.dreams-software.com\/#\/schema\/logo\/image\/","url":"https:\/\/www.dreams-software.com\/wp-content\/uploads\/2019\/02\/dreams-software-logo-1502114604.png","contentUrl":"https:\/\/www.dreams-software.com\/wp-content\/uploads\/2019\/02\/dreams-software-logo-1502114604.png","width":167,"height":97,"caption":"Dreams Software"},"image":{"@id":"https:\/\/www.dreams-software.com\/#\/schema\/logo\/image\/"}}]}},"jetpack_sharing_enabled":true,"_links":{"self":[{"href":"https:\/\/www.dreams-software.com\/es\/wp-json\/wp\/v2\/pages\/55","targetHints":{"allow":["GET"]}}],"collection":[{"href":"https:\/\/www.dreams-software.com\/es\/wp-json\/wp\/v2\/pages"}],"about":[{"href":"https:\/\/www.dreams-software.com\/es\/wp-json\/wp\/v2\/types\/page"}],"author":[{"embeddable":true,"href":"https:\/\/www.dreams-software.com\/es\/wp-json\/wp\/v2\/users\/1"}],"replies":[{"embeddable":true,"href":"https:\/\/www.dreams-software.com\/es\/wp-json\/wp\/v2\/comments?post=55"}],"version-history":[{"count":17,"href":"https:\/\/www.dreams-software.com\/es\/wp-json\/wp\/v2\/pages\/55\/revisions"}],"predecessor-version":[{"id":490,"href":"https:\/\/www.dreams-software.com\/es\/wp-json\/wp\/v2\/pages\/55\/revisions\/490"}],"wp:attachment":[{"href":"https:\/\/www.dreams-software.com\/es\/wp-json\/wp\/v2\/media?parent=55"}],"curies":[{"name":"wp","href":"https:\/\/api.w.org\/{rel}","templated":true}]}}