{"id":32,"date":"2019-02-21T14:04:25","date_gmt":"2019-02-21T13:04:25","guid":{"rendered":"https:\/\/www.dreams-software.com\/fr\/?post_type=product&#038;p=32"},"modified":"2022-09-08T21:28:46","modified_gmt":"2022-09-08T19:28:46","slug":"licence-sports-club-managment","status":"publish","type":"product","link":"https:\/\/www.dreams-software.com\/es\/produit\/licence-sports-club-managment\/","title":{"rendered":"Licencia de Gesti\u00f3n de Clubes Deportivos"},"content":{"rendered":"","protected":false},"excerpt":{"rendered":"<h2 style=\"font-size:16px;\"><strong>Contrato de licencia del software &#8220;Sports Club Management&#8221;<\/strong><\/h2>\n<p><strong>4 tipos de licencia seg\u00fan tus necesidades :<\/strong><\/p>\n<p style=\"margin-left: 25px;\">\n<strong>&#8211; Licencia para asociaci\u00f3n deportiva hasta 30 socios<\/strong><br \/>\n<strong>&#8211; Licencia para asociaci\u00f3n deportiva hasta 100 socios<\/strong><br \/>\n<strong>&#8211; Licencia para asociaci\u00f3n deportiva hasta 300 socios<\/strong><br \/>\n<strong>&#8211; Licencia para asociaci\u00f3n deportiva con m\u00e1s de 300 socios<\/strong><\/p>\n","protected":false},"featured_media":142,"template":"","meta":{"neve_meta_sidebar":"","neve_meta_container":"","neve_meta_enable_content_width":"off","neve_meta_content_width":100,"neve_meta_title_alignment":"","neve_meta_author_avatar":"","neve_post_elements_order":"","neve_meta_disable_header":"","neve_meta_disable_footer":"","neve_meta_disable_title":"","neve_meta_reading_time":""},"product_brand":[],"product_cat":[25],"product_tag":[],"class_list":{"0":"post-32","1":"product","2":"type-product","3":"status-publish","4":"has-post-thumbnail","6":"product_cat-sports-club-management","8":"first","9":"instock","10":"taxable","11":"shipping-taxable","12":"purchasable","13":"product-type-variable","14":"has-default-attributes"},"yoast_head":"<!-- This site is optimized with the Yoast SEO plugin v27.2 - https:\/\/yoast.com\/product\/yoast-seo-wordpress\/ -->\n<title>Licencia de Gesti\u00f3n de Clubes Deportivos<\/title>\n<meta name=\"robots\" content=\"index, follow, max-snippet:-1, max-image-preview:large, max-video-preview:-1\" \/>\n<link rel=\"canonical\" href=\"https:\/\/www.dreams-software.com\/es\/produit\/licence-sports-club-managment\/\" \/>\n<meta property=\"og:locale\" content=\"es_ES\" \/>\n<meta property=\"og:locale:alternate\" content=\"fr_FR\" \/>\n<meta property=\"og:locale:alternate\" content=\"en_US\" \/>\n<meta property=\"og:locale:alternate\" content=\"de_DE\" \/>\n<meta property=\"og:type\" content=\"article\" \/>\n<meta property=\"og:title\" content=\"Licencia de Gesti\u00f3n de Clubes Deportivos\" \/>\n<meta property=\"og:description\" content=\"Contrato de licencia del software &quot;Sports Club Management&quot; 4 tipos de licencia seg\u00fan tus necesidades :  - Licencia para asociaci\u00f3n deportiva hasta 30 socios - Licencia para asociaci\u00f3n deportiva hasta 100 socios - Licencia para asociaci\u00f3n deportiva hasta 300 socios - Licencia para asociaci\u00f3n deportiva con m\u00e1s de 300 socios\" \/>\n<meta property=\"og:url\" content=\"https:\/\/www.dreams-software.com\/es\/produit\/licence-sports-club-managment\/\" \/>\n<meta property=\"og:site_name\" content=\"Dreams Software\" \/>\n<meta property=\"article:modified_time\" content=\"2022-09-08T19:28:46+00:00\" \/>\n<meta property=\"og:image\" content=\"https:\/\/www.dreams-software.com\/wp-content\/uploads\/2019\/02\/sports-club-management.jpg\" \/>\n\t<meta property=\"og:image:width\" content=\"800\" \/>\n\t<meta property=\"og:image:height\" content=\"800\" \/>\n\t<meta property=\"og:image:type\" content=\"image\/jpeg\" \/>\n<meta name=\"twitter:card\" content=\"summary_large_image\" \/>\n<script type=\"application\/ld+json\" class=\"yoast-schema-graph\">{\"@context\":\"https:\/\/schema.org\",\"@graph\":[{\"@type\":\"WebPage\",\"@id\":\"https:\/\/www.dreams-software.com\/produit\/licence-sports-club-managment\/\",\"url\":\"https:\/\/www.dreams-software.com\/produit\/licence-sports-club-managment\/\",\"name\":\"Licencia de Gesti\u00f3n de Clubes Deportivos\",\"isPartOf\":{\"@id\":\"https:\/\/www.dreams-software.com\/#website\"},\"primaryImageOfPage\":{\"@id\":\"https:\/\/www.dreams-software.com\/produit\/licence-sports-club-managment\/#primaryimage\"},\"image\":{\"@id\":\"https:\/\/www.dreams-software.com\/produit\/licence-sports-club-managment\/#primaryimage\"},\"thumbnailUrl\":\"https:\/\/www.dreams-software.com\/wp-content\/uploads\/2019\/02\/sports-club-management.jpg\",\"datePublished\":\"2019-02-21T13:04:25+00:00\",\"dateModified\":\"2022-09-08T19:28:46+00:00\",\"breadcrumb\":{\"@id\":\"https:\/\/www.dreams-software.com\/produit\/licence-sports-club-managment\/#breadcrumb\"},\"inLanguage\":\"es-ES\",\"potentialAction\":[{\"@type\":\"ReadAction\",\"target\":[\"https:\/\/www.dreams-software.com\/produit\/licence-sports-club-managment\/\"]}]},{\"@type\":\"ImageObject\",\"inLanguage\":\"es-ES\",\"@id\":\"https:\/\/www.dreams-software.com\/produit\/licence-sports-club-managment\/#primaryimage\",\"url\":\"https:\/\/www.dreams-software.com\/wp-content\/uploads\/2019\/02\/sports-club-management.jpg\",\"contentUrl\":\"https:\/\/www.dreams-software.com\/wp-content\/uploads\/2019\/02\/sports-club-management.jpg\",\"width\":800,\"height\":800,\"caption\":\"Logiciel de gestion pour association sportive\"},{\"@type\":\"BreadcrumbList\",\"@id\":\"https:\/\/www.dreams-software.com\/produit\/licence-sports-club-managment\/#breadcrumb\",\"itemListElement\":[{\"@type\":\"ListItem\",\"position\":1,\"name\":\"Accueil\",\"item\":\"https:\/\/www.dreams-software.com\/\"},{\"@type\":\"ListItem\",\"position\":2,\"name\":\"Boutique\",\"item\":\"https:\/\/www.dreams-software.com\/boutique\/\"},{\"@type\":\"ListItem\",\"position\":3,\"name\":\"Licence Sports Club Managment\"}]},{\"@type\":\"WebSite\",\"@id\":\"https:\/\/www.dreams-software.com\/#website\",\"url\":\"https:\/\/www.dreams-software.com\/\",\"name\":\"Dreams Software\",\"description\":\"Logiciels pour club de sport\",\"publisher\":{\"@id\":\"https:\/\/www.dreams-software.com\/#organization\"},\"potentialAction\":[{\"@type\":\"SearchAction\",\"target\":{\"@type\":\"EntryPoint\",\"urlTemplate\":\"https:\/\/www.dreams-software.com\/?s={search_term_string}\"},\"query-input\":{\"@type\":\"PropertyValueSpecification\",\"valueRequired\":true,\"valueName\":\"search_term_string\"}}],\"inLanguage\":\"es-ES\"},{\"@type\":\"Organization\",\"@id\":\"https:\/\/www.dreams-software.com\/#organization\",\"name\":\"Dreams Software\",\"url\":\"https:\/\/www.dreams-software.com\/\",\"logo\":{\"@type\":\"ImageObject\",\"inLanguage\":\"es-ES\",\"@id\":\"https:\/\/www.dreams-software.com\/#\/schema\/logo\/image\/\",\"url\":\"https:\/\/www.dreams-software.com\/wp-content\/uploads\/2019\/02\/dreams-software-logo-1502114604.png\",\"contentUrl\":\"https:\/\/www.dreams-software.com\/wp-content\/uploads\/2019\/02\/dreams-software-logo-1502114604.png\",\"width\":167,\"height\":97,\"caption\":\"Dreams Software\"},\"image\":{\"@id\":\"https:\/\/www.dreams-software.com\/#\/schema\/logo\/image\/\"}}]}<\/script>\n<!-- \/ Yoast SEO plugin. -->","yoast_head_json":{"title":"Licencia de Gesti\u00f3n de Clubes Deportivos","robots":{"index":"index","follow":"follow","max-snippet":"max-snippet:-1","max-image-preview":"max-image-preview:large","max-video-preview":"max-video-preview:-1"},"canonical":"https:\/\/www.dreams-software.com\/es\/produit\/licence-sports-club-managment\/","og_locale":"es_ES","og_type":"article","og_title":"[:fr]Licence Sports Club Managment[:en]Licence Sports Club Managment[:es]Licencia de Gesti\u00f3n de Clubes Deportivos[:de]Lizenz Sportvereinsmanagement[:] - Dreams Software","og_description":"Contrato de licencia del software \"Sports Club Management\" 4 tipos de licencia seg\u00fan tus necesidades :  - Licencia para asociaci\u00f3n deportiva hasta 30 socios - Licencia para asociaci\u00f3n deportiva hasta 100 socios - Licencia para asociaci\u00f3n deportiva hasta 300 socios - Licencia para asociaci\u00f3n deportiva con m\u00e1s de 300 socios","og_url":"https:\/\/www.dreams-software.com\/es\/produit\/licence-sports-club-managment\/","og_site_name":"Dreams Software","article_modified_time":"2022-09-08T19:28:46+00:00","og_image":[{"width":800,"height":800,"url":"https:\/\/www.dreams-software.com\/wp-content\/uploads\/2019\/02\/sports-club-management.jpg","type":"image\/jpeg"}],"twitter_card":"summary_large_image","schema":{"@context":"https:\/\/schema.org","@graph":[{"@type":"WebPage","@id":"https:\/\/www.dreams-software.com\/produit\/licence-sports-club-managment\/","url":"https:\/\/www.dreams-software.com\/produit\/licence-sports-club-managment\/","name":"Licencia de Gesti\u00f3n de Clubes Deportivos","isPartOf":{"@id":"https:\/\/www.dreams-software.com\/#website"},"primaryImageOfPage":{"@id":"https:\/\/www.dreams-software.com\/produit\/licence-sports-club-managment\/#primaryimage"},"image":{"@id":"https:\/\/www.dreams-software.com\/produit\/licence-sports-club-managment\/#primaryimage"},"thumbnailUrl":"https:\/\/www.dreams-software.com\/wp-content\/uploads\/2019\/02\/sports-club-management.jpg","datePublished":"2019-02-21T13:04:25+00:00","dateModified":"2022-09-08T19:28:46+00:00","breadcrumb":{"@id":"https:\/\/www.dreams-software.com\/produit\/licence-sports-club-managment\/#breadcrumb"},"inLanguage":"es-ES","potentialAction":[{"@type":"ReadAction","target":["https:\/\/www.dreams-software.com\/produit\/licence-sports-club-managment\/"]}]},{"@type":"ImageObject","inLanguage":"es-ES","@id":"https:\/\/www.dreams-software.com\/produit\/licence-sports-club-managment\/#primaryimage","url":"https:\/\/www.dreams-software.com\/wp-content\/uploads\/2019\/02\/sports-club-management.jpg","contentUrl":"https:\/\/www.dreams-software.com\/wp-content\/uploads\/2019\/02\/sports-club-management.jpg","width":800,"height":800,"caption":"Logiciel de gestion pour association sportive"},{"@type":"BreadcrumbList","@id":"https:\/\/www.dreams-software.com\/produit\/licence-sports-club-managment\/#breadcrumb","itemListElement":[{"@type":"ListItem","position":1,"name":"Accueil","item":"https:\/\/www.dreams-software.com\/"},{"@type":"ListItem","position":2,"name":"Boutique","item":"https:\/\/www.dreams-software.com\/boutique\/"},{"@type":"ListItem","position":3,"name":"Licence Sports Club Managment"}]},{"@type":"WebSite","@id":"https:\/\/www.dreams-software.com\/#website","url":"https:\/\/www.dreams-software.com\/","name":"Dreams Software","description":"Logiciels pour club de sport","publisher":{"@id":"https:\/\/www.dreams-software.com\/#organization"},"potentialAction":[{"@type":"SearchAction","target":{"@type":"EntryPoint","urlTemplate":"https:\/\/www.dreams-software.com\/?s={search_term_string}"},"query-input":{"@type":"PropertyValueSpecification","valueRequired":true,"valueName":"search_term_string"}}],"inLanguage":"es-ES"},{"@type":"Organization","@id":"https:\/\/www.dreams-software.com\/#organization","name":"Dreams Software","url":"https:\/\/www.dreams-software.com\/","logo":{"@type":"ImageObject","inLanguage":"es-ES","@id":"https:\/\/www.dreams-software.com\/#\/schema\/logo\/image\/","url":"https:\/\/www.dreams-software.com\/wp-content\/uploads\/2019\/02\/dreams-software-logo-1502114604.png","contentUrl":"https:\/\/www.dreams-software.com\/wp-content\/uploads\/2019\/02\/dreams-software-logo-1502114604.png","width":167,"height":97,"caption":"Dreams Software"},"image":{"@id":"https:\/\/www.dreams-software.com\/#\/schema\/logo\/image\/"}}]}},"jetpack_sharing_enabled":true,"_links":{"self":[{"href":"https:\/\/www.dreams-software.com\/es\/wp-json\/wp\/v2\/product\/32","targetHints":{"allow":["GET"]}}],"collection":[{"href":"https:\/\/www.dreams-software.com\/es\/wp-json\/wp\/v2\/product"}],"about":[{"href":"https:\/\/www.dreams-software.com\/es\/wp-json\/wp\/v2\/types\/product"}],"wp:featuredmedia":[{"embeddable":true,"href":"https:\/\/www.dreams-software.com\/es\/wp-json\/wp\/v2\/media\/142"}],"wp:attachment":[{"href":"https:\/\/www.dreams-software.com\/es\/wp-json\/wp\/v2\/media?parent=32"}],"wp:term":[{"taxonomy":"product_brand","embeddable":true,"href":"https:\/\/www.dreams-software.com\/es\/wp-json\/wp\/v2\/product_brand?post=32"},{"taxonomy":"product_cat","embeddable":true,"href":"https:\/\/www.dreams-software.com\/es\/wp-json\/wp\/v2\/product_cat?post=32"},{"taxonomy":"product_tag","embeddable":true,"href":"https:\/\/www.dreams-software.com\/es\/wp-json\/wp\/v2\/product_tag?post=32"}],"curies":[{"name":"wp","href":"https:\/\/api.w.org\/{rel}","templated":true}]}}